{"id":1083,"date":"2014-12-03T01:18:54","date_gmt":"2014-12-03T00:18:54","guid":{"rendered":"http:\/\/www.godaddy.dikayo.com\/?page_id=1083"},"modified":"2015-12-07T16:15:27","modified_gmt":"2015-12-07T15:15:27","slug":"navidad","status":"publish","type":"page","link":"https:\/\/dikayo.com\/es\/navidad\/","title":{"rendered":"Navidad"},"content":{"rendered":"<p><span style=\"background-color: #d5d5d5;\"><div class=\"resp-video-center\" style=\"width: 100%;\"><div class=\"resp-video-wrapper size-16-9\"><iframe title=\"Aguas Vivientes -- El Mensaje de la Navidad.\" src=\"https:\/\/www.youtube.com\/embed\/c5yfPeCpNMg?feature=oembed\" frameborder=\"0\" allow=\"accelerometer; autoplay; clipboard-write; encrypted-media; gyroscope; picture-in-picture; web-share\" referrerpolicy=\"strict-origin-when-cross-origin\" allowfullscreen><\/iframe><\/div><\/div><\/span><\/p>\n<h3>Si tienes solo un momento, quisiera compartirte el mensaje de la Navidad:<\/h3>\n<blockquote><p>Todos vamos a morir porque hemos roto la Ley de Dios&#8211;los 10 Mandamientos.<\/p>\n<p>Veamos algunos\u00a0de ellos para comprobar si en verdad hemos pecado contra Dios. \u00bfAlguna vez haz mentido o robado algo sin importar su valor? \u00bfHaz utilizado el nombre de Dios sin respeto?\u00a0\u00abDi*os m\u00edo!\u00bb Si alguna vez haz visto a otra persona con lujuria, Jesus dijo que haz cometido adulterio en el coraz\u00f3n.<\/p>\n<p>En el Dia del Juicio, seremos responsables por cada uno de nuestros pecados. Todos los que han roto la Ley de Dios merecen ser castigado en el Infierno.<\/p>\n<p>Pero Dios te ama y quiere salvarte. \u00c9l mand\u00f3 a su hijo Jesus a vivir una vida perfecta y a morir en una cruz en tu lugar. Jesus fue castigado para que tu puedas vivir, despu\u00e9s, \u00e9l resucito saliendo de la tumba y venciendo a la muerte.<\/p>\n<p>La Biblia dice que en el cielo vamos a vivir para siempre. No habra mas muerte, enfermedad o dolor.<\/p>\n<p>La persona que te mand\u00f3 este video se preocupa por ti y quiere estar seguro de que tu tambi\u00e9n ir\u00e1s al cielo.<\/p>\n<p>Por favor haz lo que la Biblia dice: Arrepi\u00e9ntete de tus pecados y pon tu confianza en Jesus para que cuando el Reino de Dios venga, puedas ser parte de \u00e9l.<\/p>\n<p>Ahora visita \u00ab<span style=\"color: #0000ff;\"><a style=\"color: #0000ff;\" href=\"http:\/\/www.godaddy.dikayo.com\/save-yourself-some-pain\/\">Save yourself some pain.<\/a><\/span>\u00bb<\/p>\n<p>Te ayudar\u00e1.<\/p><\/blockquote>\n<h3>\u00abFeliz Navidad!\u00bb<\/h3>\n<p><img loading=\"lazy\" decoding=\"async\" class=\"aligncenter wp-image-1084 size-medium\" src=\"http:\/\/www.godaddy.dikayo.com\/wp-content\/uploads\/2014\/12\/Navidad-300x168.jpg\" alt=\"\" width=\"300\" height=\"168\" srcset=\"https:\/\/dikayo.com\/wp-content\/uploads\/2014\/12\/Navidad-300x168.jpg 300w, https:\/\/dikayo.com\/wp-content\/uploads\/2014\/12\/Navidad-1024x576.jpg 1024w, https:\/\/dikayo.com\/wp-content\/uploads\/2014\/12\/Navidad.jpg 1276w\" sizes=\"auto, (max-width: 300px) 100vw, 300px\" \/><\/p>\n","protected":false},"excerpt":{"rendered":"<p>Si tienes solo un momento, quisiera compartirte el mensaje de la Navidad: Todos vamos a morir porque hemos roto la Ley de Dios&#8211;los 10 Mandamientos. Veamos algunos\u00a0de ellos para comprobar si en verdad hemos pecado contra Dios. \u00bfAlguna vez haz mentido o robado algo sin importar su valor? \u00bfHaz utilizado el nombre de Dios sin [&hellip;]<\/p>\n","protected":false},"author":1,"featured_media":0,"parent":0,"menu_order":0,"comment_status":"closed","ping_status":"open","template":"","meta":{"footnotes":""},"class_list":["post-1083","page","type-page","status-publish","hentry"],"_links":{"self":[{"href":"https:\/\/dikayo.com\/es\/wp-json\/wp\/v2\/pages\/1083","targetHints":{"allow":["GET"]}}],"collection":[{"href":"https:\/\/dikayo.com\/es\/wp-json\/wp\/v2\/pages"}],"about":[{"href":"https:\/\/dikayo.com\/es\/wp-json\/wp\/v2\/types\/page"}],"author":[{"embeddable":true,"href":"https:\/\/dikayo.com\/es\/wp-json\/wp\/v2\/users\/1"}],"replies":[{"embeddable":true,"href":"https:\/\/dikayo.com\/es\/wp-json\/wp\/v2\/comments?post=1083"}],"version-history":[{"count":3,"href":"https:\/\/dikayo.com\/es\/wp-json\/wp\/v2\/pages\/1083\/revisions"}],"predecessor-version":[{"id":1306,"href":"https:\/\/dikayo.com\/es\/wp-json\/wp\/v2\/pages\/1083\/revisions\/1306"}],"wp:attachment":[{"href":"https:\/\/dikayo.com\/es\/wp-json\/wp\/v2\/media?parent=1083"}],"curies":[{"name":"wp","href":"https:\/\/api.w.org\/{rel}","templated":true}]}}