{"id":1403,"date":"2016-11-28T18:10:15","date_gmt":"2016-11-28T17:10:15","guid":{"rendered":"http:\/\/www.godaddy.dikayo.com\/?page_id=1403"},"modified":"2016-12-02T11:50:17","modified_gmt":"2016-12-02T10:50:17","slug":"viajar","status":"publish","type":"page","link":"https:\/\/dikayo.com\/es\/viajar\/","title":{"rendered":"Viajar y Compartir"},"content":{"rendered":"<div class=\"resp-video-center\" style=\"width: 100%;\"><div class=\"resp-video-wrapper size-16-9\"><iframe title=\"Travel &amp; share the gospel\" src=\"https:\/\/www.youtube.com\/embed\/uK_OQquRteE?feature=oembed\" frameborder=\"0\" allow=\"accelerometer; autoplay; clipboard-write; encrypted-media; gyroscope; picture-in-picture; web-share\" referrerpolicy=\"strict-origin-when-cross-origin\" allowfullscreen><\/iframe><\/div><\/div>\n<h2>Viajar y compartir el evangelio\u00a0!<\/h2>\n<h4>S\u00edguenos mientras viajamos y visitamos diferentes pa\u00edses y lugares extraordinarios al mismo tiempo que compartimos el evangelio: entrevistas, distribuyendo tratados y&#8230; \u00bfpor qu\u00e9 no?&#8230; predicaci\u00f3n al aire libre.<\/h4>\n<h4>\u00a1S\u00edguenos! Ser\u00e1 divertido.<\/h4>\n<hr \/>\n<h5 style=\"text-align: center;\"><div class='pfpItem entry-content'><h2 class='entry-title'><a href='https:\/\/dikayo.com\/es\/ver-a-alguien-con-deseo-ya-estamos-en-problemas\/'>Ver a alguien con deseo... \"Ya estamos en problemas!\"<\/a><\/h2><img decoding=\"async\" src=\"https:\/\/dikayo.com\/wp-content\/uploads\/2017\/02\/Jose-150x150.jpg\" \/>Jos\u00e9 cree que debe de hacer algo \u00e9l mismo para que Dios lo deje entrar al para\u00edso. \u00c9l acepta que no es buena persona pero no ve que \"sus errores\" so mucho m\u00e1s que simples errores. Mira esta entrevista hasta el final y observa c\u00f3mo reaccion\u00f3 al saber que no hay nada que podamos hacer para ganarnos el cielo.<a href='https:\/\/dikayo.com\/es\/ver-a-alguien-con-deseo-ya-estamos-en-problemas\/' class='pfpReadMore'> <strong>Watch now...<\/strong><strong> \u00bb\u00bb <\/strong><\/a><div class='clear'><\/div><hr><\/div><div class='pfpItem entry-content'><h2 class='entry-title'><a href='https:\/\/dikayo.com\/es\/dios-es-neutral-no-creo-que-para-el-exista-lo-bueno-y-lo-malo\/'>\"Dios es neutral. No creo que para \u00c9l exista lo bueno y lo malo.\"<\/a><\/h2><img decoding=\"async\" src=\"https:\/\/dikayo.com\/wp-content\/uploads\/2017\/02\/IMG_8148-150x150.jpg\" \/>Jimena es una joven muy inteligente que ve la creaci\u00f3n y entiende que hay un Creador. Sin embargo, ella no piensa que Dios tenga un sentido del bien y del mal, sino neutro.<a href='https:\/\/dikayo.com\/es\/dios-es-neutral-no-creo-que-para-el-exista-lo-bueno-y-lo-malo\/' class='pfpReadMore'> <strong>Watch now...<\/strong><strong> \u00bb\u00bb <\/strong><\/a><div class='clear'><\/div><hr><\/div><div class='pfpItem entry-content'><h2 class='entry-title'><a href='https:\/\/dikayo.com\/es\/la-fuerza-universal\/'>\"La fuerza universal de la evoluci\u00f3n es la que nos cre\u00f3.\"<\/a><\/h2><img decoding=\"async\" src=\"https:\/\/dikayo.com\/wp-content\/uploads\/2016\/12\/Camilo-150x150.jpg\" \/>Observa como Mariya, aunque su lengua materna no sea el espa\u00f1ol, comparte el evangelio con Camilo; una \u00abestatua viviente\u00bb en Madrid. Si ella puede hacerlo, \u00a1tu tambi\u00e9n!<a href='https:\/\/dikayo.com\/es\/la-fuerza-universal\/' class='pfpReadMore'> <strong>Watch now...<\/strong><strong> \u00bb\u00bb <\/strong><\/a><div class='clear'><\/div><hr><\/div><div class='pfpItem entry-content'><h2 class='entry-title'><a href='https:\/\/dikayo.com\/es\/dios-la-culminacion-de-la-literatura-fantastica\/'>\"Dios... la culminaci\u00f3n de la literatura fant\u00e1stica.\"<\/a><\/h2><img decoding=\"async\" src=\"https:\/\/dikayo.com\/wp-content\/uploads\/2016\/12\/Eric-150x150.jpg\" \/>Les presentamos a Eric. Un j\u00f3ven muy gentil, amigable e inteligente. Eric es ateo y escuch\u00f3 pacientemente la presentaci\u00f3n de la ley y el evangelio.&nbsp;Sin embargo, parece que ha tomado una decisi\u00f3n. Mira esta entrevista hasta el final para ver su conclusi\u00f3n.<a href='https:\/\/dikayo.com\/es\/dios-la-culminacion-de-la-literatura-fantastica\/' class='pfpReadMore'> <strong>Watch now...<\/strong><strong> \u00bb\u00bb <\/strong><\/a><div class='clear'><\/div><hr><\/div><\/h5>\n<hr \/>\n<p><img loading=\"lazy\" decoding=\"async\" class=\"aligncenter size-medium wp-image-1406\" src=\"http:\/\/www.godaddy.dikayo.com\/wp-content\/uploads\/2016\/11\/Screen-Shot-2016-11-28-at-6.11.34-PM-300x168.png\" alt=\"screen-shot-2016-11-28-at-6-11-34-pm\" width=\"300\" height=\"168\" srcset=\"https:\/\/dikayo.com\/wp-content\/uploads\/2016\/11\/Screen-Shot-2016-11-28-at-6.11.34-PM-300x168.png 300w, https:\/\/dikayo.com\/wp-content\/uploads\/2016\/11\/Screen-Shot-2016-11-28-at-6.11.34-PM-768x430.png 768w, https:\/\/dikayo.com\/wp-content\/uploads\/2016\/11\/Screen-Shot-2016-11-28-at-6.11.34-PM-1024x573.png 1024w, https:\/\/dikayo.com\/wp-content\/uploads\/2016\/11\/Screen-Shot-2016-11-28-at-6.11.34-PM.png 1280w\" sizes=\"auto, (max-width: 300px) 100vw, 300px\" \/><\/p>\n","protected":false},"excerpt":{"rendered":"<p>Viajar y compartir el evangelio\u00a0! S\u00edguenos mientras viajamos y visitamos diferentes pa\u00edses y lugares extraordinarios al mismo tiempo que compartimos el evangelio: entrevistas, distribuyendo tratados y&#8230; \u00bfpor qu\u00e9 no?&#8230; predicaci\u00f3n al aire libre. \u00a1S\u00edguenos! Ser\u00e1 divertido.<\/p>\n","protected":false},"author":1,"featured_media":0,"parent":0,"menu_order":0,"comment_status":"closed","ping_status":"closed","template":"","meta":{"footnotes":""},"class_list":["post-1403","page","type-page","status-publish","hentry"],"_links":{"self":[{"href":"https:\/\/dikayo.com\/es\/wp-json\/wp\/v2\/pages\/1403","targetHints":{"allow":["GET"]}}],"collection":[{"href":"https:\/\/dikayo.com\/es\/wp-json\/wp\/v2\/pages"}],"about":[{"href":"https:\/\/dikayo.com\/es\/wp-json\/wp\/v2\/types\/page"}],"author":[{"embeddable":true,"href":"https:\/\/dikayo.com\/es\/wp-json\/wp\/v2\/users\/1"}],"replies":[{"embeddable":true,"href":"https:\/\/dikayo.com\/es\/wp-json\/wp\/v2\/comments?post=1403"}],"version-history":[{"count":5,"href":"https:\/\/dikayo.com\/es\/wp-json\/wp\/v2\/pages\/1403\/revisions"}],"predecessor-version":[{"id":1414,"href":"https:\/\/dikayo.com\/es\/wp-json\/wp\/v2\/pages\/1403\/revisions\/1414"}],"wp:attachment":[{"href":"https:\/\/dikayo.com\/es\/wp-json\/wp\/v2\/media?parent=1403"}],"curies":[{"name":"wp","href":"https:\/\/api.w.org\/{rel}","templated":true}]}}