{"id":178,"date":"2014-06-08T09:56:46","date_gmt":"2014-06-08T09:56:46","guid":{"rendered":"http:\/\/www.godaddy.dikayo.com\/?page_id=178"},"modified":"2014-06-14T10:12:01","modified_gmt":"2014-06-14T08:12:01","slug":"la-pregunta-del-millon-de-dolares","status":"publish","type":"page","link":"https:\/\/dikayo.com\/es\/la-pregunta-del-millon-de-dolares\/","title":{"rendered":"La Pregunta Del Mill\u00f3n De D\u00f3lares"},"content":{"rendered":"<h2>\u00bfIra Usted al Cielo?<\/h2>\n<blockquote><p>Aqu\u00ed hay un simple test. \u00bfHa Usted dicho una mentira, robado alguna cosa o usado el nombre de Dios en vano? \u00bfHa visto a alguien con lujuria? Es considerado como adulterio en el coraz\u00f3n delante de Dios. \u00bfSer\u00e1 Usted culpable en el d\u00eda del juicio?<\/p>\n<p>Si Usted ha hecho estas cosas, Dios lo ve como un mentiroso, ladr\u00f3n, blasfemador y adultero en el coraz\u00f3n. La Biblia previene que si Usted es culpable, Usted ira al Infierno. De la misma manera que el criminal va a la prisi\u00f3n, el pecador va al Infierno.<\/p>\n<p>Esa no es la voluntad de Dios. El envi\u00f3 a su Hijo a sufrir y morir en la cruz por Usted. Jes\u00fas tom\u00f3 su castigo en El mismo. \u00ab Porque tanto am\u00f3 Dios al mundo, que dio a su Hijo unig\u00e9nito, para que todo el que cree en \u00e9l no se pierda, sino que tenga vida eterna. \u00bb<\/p>\n<p>Usted ha roto la Ley de Dios (los 10 Mandamientos) pero Jes\u00fas ha pagado su fianza. Despu\u00e9s, Jes\u00fas resucit\u00f3 y conquist\u00f3 a la muerte.<\/p>\n<p>Por favor, arrepientase (darle la espalda a su pecado) hoy y ponga su confianza en Jes\u00fas y Dios le dar\u00e1 vida eterna. Lea su Biblia y obedezca lo que lea.<\/p>\n<p><a href=\"http:\/\/www.godaddy.dikayo.com\/wp-content\/uploads\/2014\/06\/IMG_9756.jpg\"><img loading=\"lazy\" decoding=\"async\" class=\"aligncenter size-medium wp-image-319\" src=\"http:\/\/www.godaddy.dikayo.com\/wp-content\/uploads\/2014\/06\/IMG_9756-300x300.jpg\" alt=\"Million\" width=\"300\" height=\"300\" srcset=\"https:\/\/dikayo.com\/wp-content\/uploads\/2014\/06\/IMG_9756-300x300.jpg 300w, https:\/\/dikayo.com\/wp-content\/uploads\/2014\/06\/IMG_9756-150x150.jpg 150w, https:\/\/dikayo.com\/wp-content\/uploads\/2014\/06\/IMG_9756-1024x1024.jpg 1024w, https:\/\/dikayo.com\/wp-content\/uploads\/2014\/06\/IMG_9756.jpg 2048w\" sizes=\"auto, (max-width: 300px) 100vw, 300px\" \/><\/a><\/p><\/blockquote>\n","protected":false},"excerpt":{"rendered":"<p>\u00bfIra Usted al Cielo? Aqu\u00ed hay un simple test. \u00bfHa Usted dicho una mentira, robado alguna cosa o usado el nombre de Dios en vano? \u00bfHa visto a alguien con lujuria? Es considerado como adulterio en el coraz\u00f3n delante de Dios. \u00bfSer\u00e1 Usted culpable en el d\u00eda del juicio? Si Usted ha hecho estas cosas, [&hellip;]<\/p>\n","protected":false},"author":1,"featured_media":0,"parent":0,"menu_order":0,"comment_status":"open","ping_status":"closed","template":"","meta":{"footnotes":""},"class_list":["post-178","page","type-page","status-publish","hentry"],"_links":{"self":[{"href":"https:\/\/dikayo.com\/es\/wp-json\/wp\/v2\/pages\/178","targetHints":{"allow":["GET"]}}],"collection":[{"href":"https:\/\/dikayo.com\/es\/wp-json\/wp\/v2\/pages"}],"about":[{"href":"https:\/\/dikayo.com\/es\/wp-json\/wp\/v2\/types\/page"}],"author":[{"embeddable":true,"href":"https:\/\/dikayo.com\/es\/wp-json\/wp\/v2\/users\/1"}],"replies":[{"embeddable":true,"href":"https:\/\/dikayo.com\/es\/wp-json\/wp\/v2\/comments?post=178"}],"version-history":[{"count":4,"href":"https:\/\/dikayo.com\/es\/wp-json\/wp\/v2\/pages\/178\/revisions"}],"predecessor-version":[{"id":324,"href":"https:\/\/dikayo.com\/es\/wp-json\/wp\/v2\/pages\/178\/revisions\/324"}],"wp:attachment":[{"href":"https:\/\/dikayo.com\/es\/wp-json\/wp\/v2\/media?parent=178"}],"curies":[{"name":"wp","href":"https:\/\/api.w.org\/{rel}","templated":true}]}}