{"id":180,"date":"2014-06-08T09:59:19","date_gmt":"2014-06-08T09:59:19","guid":{"rendered":"http:\/\/www.godaddy.dikayo.com\/?page_id=180"},"modified":"2014-06-08T09:59:19","modified_gmt":"2014-06-08T09:59:19","slug":"que-mereces","status":"publish","type":"page","link":"https:\/\/dikayo.com\/es\/que-mereces\/","title":{"rendered":"\u00bfQu\u00e9 Mereces?"},"content":{"rendered":"<h2>Soy un criminal y merezco el infierno.<\/h2>\n<p>He roto la Ley de Dios. He mentido incontables veces en mi vida, tambi\u00e9n he robado aunque solo cosas peque\u00f1as pero lo he hecho. Tambi\u00e9n he usado el nombre de Dios en vano. Dios me ha dado la vida y todo lo que es querido para mi y yo he tomado su nombre para expresar disgusto. Tambi\u00e9n he mirado con lujuria a muchas mujeres y Jes\u00fas dijo que es considerado como adulterio en mi coraz\u00f3n. Finalmente, he odiado a un par de personas y Jes\u00fas igualo el odiar con matar.<\/p>\n<p>Estos son solo 5 de los 10 Mandamientos, pero los he roto todos!<\/p>\n<p>Dios ha preparado un lugar llamado Infierno para mi castigo. Soy culpable y no tengo escapatoria del Juez. Si digo que lo siento mucho, El me dir\u00e1 que debo de sentirlo pues lo que hice esta mal. Si digo que no lo har\u00e9 de nuevo, El me dir\u00e1 que estoy en lo correcto en no quererlo hacer ora vez pero eso no quita mi castigo.<\/p>\n<p>Soy un pecador y voy a ir al Infierno.<\/p>\n<blockquote><p>Pero Dios nos ama tanto, que ha preparado una soluci\u00f3n para que yo no tenga que ir al Infierno. Ha mandado a su Hijo, Jes\u00fas, a sufrir y morir en la cruz como un pago por mis pecados! En otras palabras, Jes\u00fas tomo el castigo que yo merezco para que el Juez me de en libertad: Yo romp\u00ed la Ley pero Jes\u00fas pago mi fianza! Ahora mi caso puede ser legalmente cerrado por el sacrificio de Jes\u00fas que me justifica delante de Dios.<\/p><\/blockquote>\n<p>Dios me esta dando el regalo de la justificaci\u00f3n y vida eterna pero yo tengo que arrepentirme de mis pecados, darles la espalda y dejarlos; tengo tambi\u00e9n que confiar en Jes\u00fas como el \u00fanico camino para ser justificado delante del Padre.<\/p>\n<p>Soy un pecador y debo ir al Infierno, pero Jes\u00fas sufri\u00f3 y muri\u00f3 por mi, para pagar mi merecido castigo con su propia sangre.<\/p>\n<p>Soy un criminal&#8211;pero he sido\u00a0justificado.<\/p>\n<p>Y tu?<\/p>\n<p>&nbsp;<\/p>\n","protected":false},"excerpt":{"rendered":"<p>Soy un criminal y merezco el infierno. He roto la Ley de Dios. He mentido incontables veces en mi vida, tambi\u00e9n he robado aunque solo cosas peque\u00f1as pero lo he hecho. Tambi\u00e9n he usado el nombre de Dios en vano. Dios me ha dado la vida y todo lo que es querido para mi y [&hellip;]<\/p>\n","protected":false},"author":1,"featured_media":0,"parent":0,"menu_order":0,"comment_status":"closed","ping_status":"closed","template":"","meta":{"footnotes":""},"class_list":["post-180","page","type-page","status-publish","hentry"],"_links":{"self":[{"href":"https:\/\/dikayo.com\/es\/wp-json\/wp\/v2\/pages\/180","targetHints":{"allow":["GET"]}}],"collection":[{"href":"https:\/\/dikayo.com\/es\/wp-json\/wp\/v2\/pages"}],"about":[{"href":"https:\/\/dikayo.com\/es\/wp-json\/wp\/v2\/types\/page"}],"author":[{"embeddable":true,"href":"https:\/\/dikayo.com\/es\/wp-json\/wp\/v2\/users\/1"}],"replies":[{"embeddable":true,"href":"https:\/\/dikayo.com\/es\/wp-json\/wp\/v2\/comments?post=180"}],"version-history":[{"count":1,"href":"https:\/\/dikayo.com\/es\/wp-json\/wp\/v2\/pages\/180\/revisions"}],"predecessor-version":[{"id":181,"href":"https:\/\/dikayo.com\/es\/wp-json\/wp\/v2\/pages\/180\/revisions\/181"}],"wp:attachment":[{"href":"https:\/\/dikayo.com\/es\/wp-json\/wp\/v2\/media?parent=180"}],"curies":[{"name":"wp","href":"https:\/\/api.w.org\/{rel}","templated":true}]}}