{"id":187,"date":"2014-06-08T10:06:59","date_gmt":"2014-06-08T10:06:59","guid":{"rendered":"http:\/\/www.godaddy.dikayo.com\/?page_id=187"},"modified":"2014-06-08T10:06:59","modified_gmt":"2014-06-08T10:06:59","slug":"a-donde-iras","status":"publish","type":"page","link":"https:\/\/dikayo.com\/es\/a-donde-iras\/","title":{"rendered":"\u00bfA D\u00f3nde Ir\u00e1s?"},"content":{"rendered":"<h2>Cada d\u00eda mueren 150\u2019000 personas.<\/h2>\n<p>Esto significa que todos los d\u00edas, 150&#8217;000 personas saltan del avi\u00f3n de la vida, a la eternidad. Muchos de los que saltaron ayer, nunca pensaron sobre la muerte, pero de cualquier forma, saltaron. Tal vez no esperaban saltar a una edad temprana o en buen estado de salud, pero saltaron. Quiz\u00e1s su \u00e9xito o planes tomaron su atenci\u00f3n y nunca consideraron el salto que vendr\u00eda. Los miembros de la familia y seres queridos de quienes se saltaron el d\u00eda de hoy, podr\u00edan no estar preparados para recibir la noticia. En los \u00faltimos segundos, desde que comenz\u00f3 a leer este blog, muchas personas ya han saltado.<\/p>\n<p>El hecho es que todos pertenecemos a la estad\u00edstica: de 100 personas, 100 mueren.<\/p>\n<p>Si saltamos de un avi\u00f3n sin paraca\u00eddas, la Ley de la Gravedad se asegurar\u00e1 de que seamos destruidos. Asimismo, si nos lanzamos a la eternidad sin \u00abparaca\u00eddas\u00bb, la Ley de Dios nos va a convertir en pedazos.<\/p>\n<p>\u00bfPor qu\u00e9? porque \u00e9l nos ha dado 10 Mandamientos a seguir y que no lo hemos hecho. Vamos a ser culpable en el d\u00eda de juicio:<\/p>\n<blockquote><p>1 .- \u00bfHa amado a Dios con todo tu coraz\u00f3n? \u00c9l es el prioridad en su vida?<br \/>\n2 .- \u00bfSe ha creado un dios con el que usted se siente c\u00f3modo? \u00bfTiene algo o alguien que dirige su vida, como dinero, amigos, relaciones o el trabajo?<br \/>\n3 .- \u00bfSiempre ha utilizado el nombre de Dios con respeto?<br \/>\n4 .- \u00bfHa guardado siempre un d\u00eda para Dios?<br \/>\n5 .- \u00bfHa respetado siempre a su madre y a su padre?<br \/>\n6 .- \u00bfAlguna vez ha asesinado a alguien? \u00bfSab\u00eda usted que Jes\u00fas igual\u00f3 el odio con el asesinato? As\u00ed que, \u00bfalguna vez ha odiado a alguien?<br \/>\n7 .- \u00bfHa cometido adulterio? Significado el tener relaciones sexuales con alguien fuera del matrimonio o con alguien m\u00e1s aparte de su c\u00f3nyuge? \u00bfSab\u00eda que Jes\u00fas dice que si miramos con lujuria (deseo sexual), hemos cometido adulterio en el coraz\u00f3n? As\u00ed que, \u00bfalguna vez ha visto a alguien con la lujuria?<br \/>\n8 .- \u00bfAlguna vez has robado algo? Cualquiera que sea el tama\u00f1o o valor.<br \/>\n9 .- \u00bfAlguna vez a dicho una mentira?<br \/>\n10 .- \u00bfAlguna vez ha deseado tener algo de otra persona como su profesi\u00f3n, esposa, casa, auto, trabajo, salario, su apariencia? Eso es codicia.<\/p><\/blockquote>\n<p>Ahora es evidente que la Ley de Dios nos destruir\u00e1 si saltamos del avi\u00f3n de la vida a la eternidad!<\/p>\n<p>Pero Dios ha dado \u00abun paraca\u00eddas\u00bb para salvarlo: Jes\u00fas Cristo. El Hijo de Dios vivi\u00f3 una vida sin pecado (guard\u00f3 todos los Mandamientos) y muri\u00f3 en la cruz como el castigo que merecemos. Este es el gran intercambio: El tom\u00f3 nuestros pecados\/castigo y nos di\u00f3 su inocencia!<\/p>\n<p>Lo que tiene que hacer es arrepentirse de sus pecados; de cada obra y pensamiento que ha tenido en contra de Dios y Su Ley. Despu\u00e9s, conf\u00ede en Jes\u00fas; ponga su fe en \u00c9l, como la \u00fanica forma de sobrevivir el salto que viene. Usted rompi\u00f3 la Ley, pero<br \/>\nJes\u00fas pag\u00f3 su multa: puede ser justificado ante Dios.<\/p>\n<p>No basta con creer en el paraca\u00eddas, usted tiene que tomarlo. Tiene que abrazarlo y pon\u00e9rselo! Lo mismo ocurre con Jes\u00fas, creer no es suficiente, usted tiene que abrazarlo, tomarlo, confiar en \u00c9l, ponerlo en su vida!<\/p>\n<p>Cada d\u00eda mueren 150\u2019000 personas&#8230; no espere un minuto m\u00e1s!<\/p>\n<p>&nbsp;<\/p>\n","protected":false},"excerpt":{"rendered":"<p>Cada d\u00eda mueren 150\u2019000 personas. Esto significa que todos los d\u00edas, 150&#8217;000 personas saltan del avi\u00f3n de la vida, a la eternidad. Muchos de los que saltaron ayer, nunca pensaron sobre la muerte, pero de cualquier forma, saltaron. Tal vez no esperaban saltar a una edad temprana o en buen estado de salud, pero saltaron. [&hellip;]<\/p>\n","protected":false},"author":1,"featured_media":0,"parent":0,"menu_order":0,"comment_status":"closed","ping_status":"closed","template":"","meta":{"footnotes":""},"class_list":["post-187","page","type-page","status-publish","hentry"],"_links":{"self":[{"href":"https:\/\/dikayo.com\/es\/wp-json\/wp\/v2\/pages\/187","targetHints":{"allow":["GET"]}}],"collection":[{"href":"https:\/\/dikayo.com\/es\/wp-json\/wp\/v2\/pages"}],"about":[{"href":"https:\/\/dikayo.com\/es\/wp-json\/wp\/v2\/types\/page"}],"author":[{"embeddable":true,"href":"https:\/\/dikayo.com\/es\/wp-json\/wp\/v2\/users\/1"}],"replies":[{"embeddable":true,"href":"https:\/\/dikayo.com\/es\/wp-json\/wp\/v2\/comments?post=187"}],"version-history":[{"count":1,"href":"https:\/\/dikayo.com\/es\/wp-json\/wp\/v2\/pages\/187\/revisions"}],"predecessor-version":[{"id":188,"href":"https:\/\/dikayo.com\/es\/wp-json\/wp\/v2\/pages\/187\/revisions\/188"}],"wp:attachment":[{"href":"https:\/\/dikayo.com\/es\/wp-json\/wp\/v2\/media?parent=187"}],"curies":[{"name":"wp","href":"https:\/\/api.w.org\/{rel}","templated":true}]}}