{"id":543,"date":"2014-07-13T22:50:37","date_gmt":"2014-07-13T20:50:37","guid":{"rendered":"http:\/\/www.godaddy.dikayo.com\/?page_id=543"},"modified":"2014-07-13T23:02:18","modified_gmt":"2014-07-13T21:02:18","slug":"bloges","status":"publish","type":"page","link":"https:\/\/dikayo.com\/es\/bloges\/","title":{"rendered":"Blog"},"content":{"rendered":"<blockquote><p><span style=\"color: #444444;\"><div class='pfpItem entry-content'><h2 class='entry-title'><a href='https:\/\/dikayo.com\/es\/el-gran-intercambio\/'>El Gran Intercambio<\/a><\/h2><img decoding=\"async\" src=\"https:\/\/dikayo.com\/wp-content\/uploads\/2014\/07\/1060296_54662638-150x150.jpg\" \/>Este es el Gran Intercambio: Jesus tomo sus pecados y le ofrece su rectitud. <a href='https:\/\/dikayo.com\/es\/el-gran-intercambio\/' class='pfpReadMore'> Leer m\u00e1s<\/span> <strong>\u00bb<strong>\u00bb<\/strong><\/strong><\/a><div class='clear'><\/div><hr><\/div><div class='pfpItem entry-content'><h2 class='entry-title'><a href='https:\/\/dikayo.com\/es\/no-invite-a-jesus\/'>NO Invite a Jesus<\/a><\/h2><img decoding=\"async\" src=\"https:\/\/dikayo.com\/wp-content\/uploads\/2014\/07\/1420593_13328233-150x150.jpg\" \/>La m\u00fasica esta cargada de emociones, el predicador suplica, \u201cDen su coraz\u00f3n a Jesus. Tenemos un hueco en el coraz\u00f3n que solo Jesus puede llenar.\u201d Docenas, cientos y miles de personas que desean componer su vida espiritual caminan hacia el frente e invitan a Jesus a sus corazones. Veamos tres meses despu\u00e9s. Nadie ha visto [&hellip;]<a href='https:\/\/dikayo.com\/es\/no-invite-a-jesus\/' class='pfpReadMore'> Leer m\u00e1s<\/span> <strong>\u00bb<strong>\u00bb<\/strong><\/strong><\/a><div class='clear'><\/div><hr><\/div><div class='pfpItem entry-content'><h2 class='entry-title'><a href='https:\/\/dikayo.com\/es\/su-evangelio\/'>Su Evangelio.<\/a><\/h2><img decoding=\"async\" src=\"https:\/\/dikayo.com\/wp-content\/uploads\/2014\/07\/John_Calvin_-_best_likeness-150x150.jpg\" \/>Permitame preguntarle: la presentacion de su evangelio se parece a la de John Calvin? O se parece mas a un mensaje de Dr. Phil o de Oprah? Lea por favor el siguiente fragmento de una carta que Calvin le envio al Cardenal Catolico, Sadoleto, en 1539. Vea si se puede identificar con el evangelio de [&hellip;]<a href='https:\/\/dikayo.com\/es\/su-evangelio\/' class='pfpReadMore'> Leer m\u00e1s<\/span> <strong>\u00bb<strong>\u00bb<\/strong><\/strong><\/a><div class='clear'><\/div><hr><\/div><div class='pfpItem entry-content'><h2 class='entry-title'><a href='https:\/\/dikayo.com\/es\/el-tiempo-no-olvida\/'>El Tiempo No Olvida.<\/a><\/h2><img decoding=\"async\" src=\"https:\/\/dikayo.com\/wp-content\/uploads\/2014\/07\/undefined-150x150.jpg\" \/>Lei acerca de un hombre en Inglaterra que estaba envuelto en el trafico \u00a0de drogas y usaba una calculadora muy sofisticada para llevar el r\u00e9cord de todas sus transacciones. Cuando la polic\u00eda lo arresto, el hombre dijo que hab\u00eda borrado completamente la memoria de la calculadora y que la polic\u00eda no podr\u00eda encontrar ninguna evidencia [&hellip;]<a href='https:\/\/dikayo.com\/es\/el-tiempo-no-olvida\/' class='pfpReadMore'> Leer m\u00e1s<\/span> <strong>\u00bb<strong>\u00bb<\/strong><\/strong><\/a><div class='clear'><\/div><hr><\/div><\/p><\/blockquote>\n","protected":false},"excerpt":{"rendered":"","protected":false},"author":1,"featured_media":0,"parent":0,"menu_order":0,"comment_status":"open","ping_status":"open","template":"","meta":{"footnotes":""},"class_list":["post-543","page","type-page","status-publish","hentry"],"_links":{"self":[{"href":"https:\/\/dikayo.com\/es\/wp-json\/wp\/v2\/pages\/543","targetHints":{"allow":["GET"]}}],"collection":[{"href":"https:\/\/dikayo.com\/es\/wp-json\/wp\/v2\/pages"}],"about":[{"href":"https:\/\/dikayo.com\/es\/wp-json\/wp\/v2\/types\/page"}],"author":[{"embeddable":true,"href":"https:\/\/dikayo.com\/es\/wp-json\/wp\/v2\/users\/1"}],"replies":[{"embeddable":true,"href":"https:\/\/dikayo.com\/es\/wp-json\/wp\/v2\/comments?post=543"}],"version-history":[{"count":1,"href":"https:\/\/dikayo.com\/es\/wp-json\/wp\/v2\/pages\/543\/revisions"}],"predecessor-version":[{"id":544,"href":"https:\/\/dikayo.com\/es\/wp-json\/wp\/v2\/pages\/543\/revisions\/544"}],"wp:attachment":[{"href":"https:\/\/dikayo.com\/es\/wp-json\/wp\/v2\/media?parent=543"}],"curies":[{"name":"wp","href":"https:\/\/api.w.org\/{rel}","templated":true}]}}