{"id":1030,"date":"2014-11-21T13:24:35","date_gmt":"2014-11-21T12:24:35","guid":{"rendered":"http:\/\/www.godaddy.dikayo.com\/?page_id=1030"},"modified":"2014-12-03T17:04:40","modified_gmt":"2014-12-03T16:04:40","slug":"conseils2minutes","status":"publish","type":"page","link":"https:\/\/dikayo.com\/fr\/conseils2minutes\/","title":{"rendered":"Conseils de 2 Minutes"},"content":{"rendered":"<blockquote><p><span style=\"color: #444444;\"><div class='pfpItem entry-content'><h2 class='entry-title'><a href='https:\/\/dikayo.com\/fr\/conseils-de-2-minutes-sur-levangelisation-tous-les-episodes\/'>Conseils de 2 Minutes sur l'Evang\u00e9lisation (tous les \u00e9pisodes)<\/a><\/h2><img loading=\"lazy\" decoding=\"async\" class=\"aligncenter size-thumbnail wp-image-400\" src=\"http:\/\/www.godaddy.dikayo.com\/wp-content\/uploads\/2014\/07\/Screen-Shot-2014-07-05-at-9.33.42-PM-150x150.png\" alt=\"2MinTip\" width=\"150\" height=\"150\" \/>Ces brefs video clips vous offrent des tuyaux simples et pratiques<a href='https:\/\/dikayo.com\/fr\/conseils-de-2-minutes-sur-levangelisation-tous-les-episodes\/' class='pfpReadMore'> <\/span><b>Lisez la suite et regardez l-\u00e9pisode en entier <\/b><strong>\u00bb\u00bb <\/strong><\/a><div class='clear'><\/div><hr><\/div><div class='pfpItem entry-content'><h2 class='entry-title'><a href='https:\/\/dikayo.com\/fr\/episode-1-les-tracts-qui-presentent-levangile-1ere-partie\/'>Episode 1: Les Tracts Qui Presentent L'Evangile  (1\u00e8re  Partie)<\/a><\/h2><img decoding=\"async\" src=\"https:\/\/dikayo.com\/wp-content\/uploads\/2014\/07\/Screen-Shot-2014-07-11-at-8.21.32-PM-150x150.png\" \/>Les tracts sur l'Evangile sont un outil clef pour passer tr\u00e8s naturellement d'une conversation ordinaire au domaine spirituel. <a href='https:\/\/dikayo.com\/fr\/episode-1-les-tracts-qui-presentent-levangile-1ere-partie\/' class='pfpReadMore'> <\/span><b>Lisez la suite et regardez l-\u00e9pisode en entier <\/b><strong>\u00bb\u00bb <\/strong><\/a><div class='clear'><\/div><hr><\/div><div class='pfpItem entry-content'><h2 class='entry-title'><a href='https:\/\/dikayo.com\/fr\/episode-2-les-tracts-qui-presentent-levangile-2eme-partie\/'>Episode 2: Les Tracts Qui Presentent L'Evangile ( 2\u00e8me Partie)<\/a><\/h2><img decoding=\"async\" src=\"https:\/\/dikayo.com\/wp-content\/uploads\/2014\/07\/Screen-Shot-2014-07-11-at-8.19.00-PM-150x150.png\" \/>Passer des tracts est vraiment super facile \u2013 vous n'avez besoin que d'un peu de courage. <a href='https:\/\/dikayo.com\/fr\/episode-2-les-tracts-qui-presentent-levangile-2eme-partie\/' class='pfpReadMore'> <\/span><b>Lisez la suite et regardez l-\u00e9pisode en entier <\/b><strong>\u00bb\u00bb <\/strong><\/a><div class='clear'><\/div><hr><\/div><div class='pfpItem entry-content'><h2 class='entry-title'><a href='https:\/\/dikayo.com\/fr\/episode-3-laissez-des-tracts-derriere-vous\/'>Episode 3: Laissez des Tracts Derriere Vous<\/a><\/h2><img decoding=\"async\" src=\"https:\/\/dikayo.com\/wp-content\/uploads\/2014\/07\/Screen-Shot-2014-07-11-at-8.16.34-PM-150x150.png\" \/>Si vous ne vous sentez toujours pas \u00e0 l'aise pour donner des tracts aux personnes que vous ne connaissez pas, vous pouvez prendre ce petit premier pas: laissez un tract derri\u00e8re vous.<a href='https:\/\/dikayo.com\/fr\/episode-3-laissez-des-tracts-derriere-vous\/' class='pfpReadMore'> <\/span><b>Lisez la suite et regardez l-\u00e9pisode en entier <\/b><strong>\u00bb\u00bb <\/strong><\/a><div class='clear'><\/div><hr><\/div><div class='pfpItem entry-content'><h2 class='entry-title'><a href='https:\/\/dikayo.com\/fr\/episode-4-gm28\/'>Episode 4: GM2:8<\/a><\/h2><img decoding=\"async\" src=\"https:\/\/dikayo.com\/wp-content\/uploads\/2014\/07\/Screen-Shot-2014-07-11-at-8.14.53-PM-150x150.png\" \/>Si vous \u00eates l'heureux propri\u00e9taire d'un iPhone ou d'un iPod, je vous sugg\u00e8re de t\u00e9l\u00e9charger une application gratuite qui se nomme GM 2:8. <a href='https:\/\/dikayo.com\/fr\/episode-4-gm28\/' class='pfpReadMore'> <\/span><b>Lisez la suite et regardez l-\u00e9pisode en entier <\/b><strong>\u00bb\u00bb <\/strong><\/a><div class='clear'><\/div><hr><\/div><div class='pfpItem entry-content'><h2 class='entry-title'><a href='https:\/\/dikayo.com\/fr\/episode-5-le-documentaire-180\/'>Episode 5: Le Documentaire 180<\/a><\/h2><img decoding=\"async\" src=\"https:\/\/dikayo.com\/wp-content\/uploads\/2014\/07\/Screen-Shot-2014-07-11-at-8.13.17-PM-150x150.png\" \/>Avez-vous entendu parler du documentaire 180? C'est un film de 33 minutes qui a \u00e9t\u00e9 vu sur YouTube par plus de 4,5 millions de personnes et  plus de 800 000 DVD ont \u00e9t\u00e9 distribu\u00e9s ou vendus.. dont les sous-titres sont d\u00e9j\u00e0 en plus de 35 langues.<a href='https:\/\/dikayo.com\/fr\/episode-5-le-documentaire-180\/' class='pfpReadMore'> <\/span><b>Lisez la suite et regardez l-\u00e9pisode en entier <\/b><strong>\u00bb\u00bb <\/strong><\/a><div class='clear'><\/div><hr><\/div><div class='pfpItem entry-content'><h2 class='entry-title'><a href='https:\/\/dikayo.com\/fr\/episode-6-la-peur-1ere-partie\/'>Episode 6: La Peur (1\u00e8re Partie)<\/a><\/h2><img decoding=\"async\" src=\"https:\/\/dikayo.com\/wp-content\/uploads\/2014\/07\/Screen-Shot-2014-07-11-at-6.19.31-PM-150x150.png\" \/>Les deux raisons principales pour lesquelles les Chr\u00e9tiens ne partagent pas leur foi avec les autres sont: En premier, parce qu'ils ne savent pas comment. La deuxi\u00e8me raison pour laquelle certains ne partagent pas l'Evangile c'est \u00e0 cause de la peur.<a href='https:\/\/dikayo.com\/fr\/episode-6-la-peur-1ere-partie\/' class='pfpReadMore'> <\/span><b>Lisez la suite et regardez l-\u00e9pisode en entier <\/b><strong>\u00bb\u00bb <\/strong><\/a><div class='clear'><\/div><hr><\/div><div class='pfpItem entry-content'><h2 class='entry-title'><a href='https:\/\/dikayo.com\/fr\/episode-7-la-peur-2eme-partie\/'>Episode 7: La Peur ( 2\u00e8me Partie)<\/a><\/h2><img decoding=\"async\" src=\"https:\/\/dikayo.com\/wp-content\/uploads\/2014\/07\/Screen-Shot-2014-07-11-at-6.17.29-PM-150x150.png\" \/> \u201cO Seigneur Dieu, je sais bien que je t\u00e9moignerais pour de l'argent, combien plus je devrais le faire simplement pour Toi.\u201d<a href='https:\/\/dikayo.com\/fr\/episode-7-la-peur-2eme-partie\/' class='pfpReadMore'> <\/span><b>Lisez la suite et regardez l-\u00e9pisode en entier <\/b><strong>\u00bb\u00bb <\/strong><\/a><div class='clear'><\/div><hr><\/div><div class='pfpItem entry-content'><h2 class='entry-title'><a href='https:\/\/dikayo.com\/fr\/episode-8-la-predication-en-plein-air-1ere-partie\/'>Episode 8: La Predication en Plein Air (1\u00e8re Partie)<\/a><\/h2><img decoding=\"async\" src=\"https:\/\/dikayo.com\/wp-content\/uploads\/2014\/07\/Screen-Shot-2014-07-11-at-6.15.08-PM-150x150.png\" \/>Un ami cher, l'\u00e9vang\u00e9liste Ray Comfort, dit souvent qu'une session de plein air bien conduite peut atteindre plus de non croyants en 30 minutes, qu'une \u00e9glise peut le faire en un an. <a href='https:\/\/dikayo.com\/fr\/episode-8-la-predication-en-plein-air-1ere-partie\/' class='pfpReadMore'> <\/span><b>Lisez la suite et regardez l-\u00e9pisode en entier <\/b><strong>\u00bb\u00bb <\/strong><\/a><div class='clear'><\/div><hr><\/div><div class='pfpItem entry-content'><h2 class='entry-title'><a href='https:\/\/dikayo.com\/fr\/episode-9-la-predication-en-plain-air-2eme-partie\/'>Episode 9:  La Predication en Plain Air (2\u00e8me PARTIE)<\/a><\/h2><img decoding=\"async\" src=\"https:\/\/dikayo.com\/wp-content\/uploads\/2014\/07\/Screen-Shot-2014-07-11-at-6.09.44-PM-150x150.png\" \/>La pr\u00e9dication en plein air est la m\u00e9thode standard que Dieu a toujours utilis\u00e9e tout au long des Ecritures pour atteindre les gens ordinaires. <a href='https:\/\/dikayo.com\/fr\/episode-9-la-predication-en-plain-air-2eme-partie\/' class='pfpReadMore'> <\/span><b>Lisez la suite et regardez l-\u00e9pisode en entier <\/b><strong>\u00bb\u00bb <\/strong><\/a><div class='clear'><\/div><hr><\/div><div class='pfpItem entry-content'><h2 class='entry-title'><a href='https:\/\/dikayo.com\/fr\/episode-10-la-predication-en-plain-air-3eme-partie\/'>Episode 10:  La Predication en Plain Air (3\u00e8me PARTIE)<\/a><\/h2><img decoding=\"async\" src=\"https:\/\/dikayo.com\/wp-content\/uploads\/2014\/07\/Screen-Shot-2014-07-11-at-6.06.11-PM-150x150.png\" \/>Dans cet \u00e9pisode nous allons voir d'autres conseils pour la pr\u00e9dication en plein air. <a href='https:\/\/dikayo.com\/fr\/episode-10-la-predication-en-plain-air-3eme-partie\/' class='pfpReadMore'> <\/span><b>Lisez la suite et regardez l-\u00e9pisode en entier <\/b><strong>\u00bb\u00bb <\/strong><\/a><div class='clear'><\/div><hr><\/div><\/p>\n<p>&nbsp;<\/p><\/blockquote>\n","protected":false},"excerpt":{"rendered":"<p>&nbsp;<\/p>\n","protected":false},"author":1,"featured_media":0,"parent":0,"menu_order":0,"comment_status":"open","ping_status":"open","template":"","meta":{"footnotes":""},"class_list":["post-1030","page","type-page","status-publish","hentry"],"_links":{"self":[{"href":"https:\/\/dikayo.com\/fr\/wp-json\/wp\/v2\/pages\/1030","targetHints":{"allow":["GET"]}}],"collection":[{"href":"https:\/\/dikayo.com\/fr\/wp-json\/wp\/v2\/pages"}],"about":[{"href":"https:\/\/dikayo.com\/fr\/wp-json\/wp\/v2\/types\/page"}],"author":[{"embeddable":true,"href":"https:\/\/dikayo.com\/fr\/wp-json\/wp\/v2\/users\/1"}],"replies":[{"embeddable":true,"href":"https:\/\/dikayo.com\/fr\/wp-json\/wp\/v2\/comments?post=1030"}],"version-history":[{"count":16,"href":"https:\/\/dikayo.com\/fr\/wp-json\/wp\/v2\/pages\/1030\/revisions"}],"predecessor-version":[{"id":1091,"href":"https:\/\/dikayo.com\/fr\/wp-json\/wp\/v2\/pages\/1030\/revisions\/1091"}],"wp:attachment":[{"href":"https:\/\/dikayo.com\/fr\/wp-json\/wp\/v2\/media?parent=1030"}],"curies":[{"name":"wp","href":"https:\/\/api.w.org\/{rel}","templated":true}]}}