{"id":121,"date":"2014-06-08T07:12:43","date_gmt":"2014-06-08T07:12:43","guid":{"rendered":"http:\/\/www.godaddy.dikayo.com\/?page_id=121"},"modified":"2018-08-13T09:46:54","modified_gmt":"2018-08-13T07:46:54","slug":"la-question-a-1-million-deuros","status":"publish","type":"page","link":"https:\/\/dikayo.com\/fr\/la-question-a-1-million-deuros\/","title":{"rendered":"La question \u00e0 1 million d\u2019Euros"},"content":{"rendered":"<h2>Est-ce que vous irez au Ciel?<\/h2>\n<blockquote><p>Voici un test rapide: Avez-vous jamais menti, vol\u00e9 quelque chose ou utilis\u00e9 le nom de Dieu en vain? J\u00e9sus a dit\u00a0: \u00ab\u00a0Tout homme qui regarde une femme pour la convoiter a d\u00e9j\u00e0 commis un adult\u00e8re avec elle dans son c\u0153ur.\u00a0\u00bb Avez-vous regard\u00e9 quelqu\u2019un pour le (ou la) convoiter (avec du d\u00e9sir)? Serez-vous coupable au Jour du Jugement?\u00a0Si vous avez fait ces choses, Dieu vous voit comme un menteur, un voleur, un blasph\u00e9mateur et un adult\u00e8re de c\u0153ur. La Bible dit que si vous \u00eates coupable, vous finirez en Enfer. De la m\u00eame fa\u00e7on que le criminel va en prison, le p\u00e9cheur va en Enfer.<\/p>\n<p>Mais Dieu, qui est riche en mis\u00e9ricorde, a envoy\u00e9 son Fils pour souffrir et mourir sur la croix pour les coupables. J\u00e9sus a pris votre punition \u00e0 votre place. Vous avez transgress\u00e9 la Loi de Dieu (les 10 Commandements) mais\u00a0J\u00e9sus\u00a0a pay\u00e9 votre amende. Apr\u00e8s, il a ressuscit\u00e9 et conquit la mort. \u00ab\u00a0Dieu a tant aim\u00e9 le monde qu&rsquo;il a donn\u00e9 son Fils unique afin que quiconque croit en lui ne p\u00e9risse pas mais ait la vie \u00e9ternelle.\u00a0\u00bb<\/p>\n<p>S\u2019il vous pla\u00eet, repentez-vous (d\u00e9tournez-vous de vos p\u00e9ch\u00e9s) aujourd\u2019hui, ayez confiance en J\u00e9sus et Dieu vous donnera la vie \u00e9ternelle. Lisez votre Bible et mettez-la en pratique.<\/p><\/blockquote>\n<h3><span style=\"font-size: 13px;\">\u00a0<img loading=\"lazy\" decoding=\"async\" class=\"aligncenter wp-image-319 size-medium\" src=\"http:\/\/www.dikayo.com\/wp-content\/uploads\/2014\/06\/IMG_9756-300x300.jpg\" alt=\"Million\" width=\"300\" height=\"300\" srcset=\"https:\/\/dikayo.com\/wp-content\/uploads\/2014\/06\/IMG_9756-300x300.jpg 300w, https:\/\/dikayo.com\/wp-content\/uploads\/2014\/06\/IMG_9756-150x150.jpg 150w, https:\/\/dikayo.com\/wp-content\/uploads\/2014\/06\/IMG_9756-1024x1024.jpg 1024w, https:\/\/dikayo.com\/wp-content\/uploads\/2014\/06\/IMG_9756.jpg 2048w\" sizes=\"auto, (max-width: 300px) 100vw, 300px\" \/><\/span><\/h3>\n","protected":false},"excerpt":{"rendered":"<p>Est-ce que vous irez au Ciel? Voici un test rapide: Avez-vous jamais menti, vol\u00e9 quelque chose ou utilis\u00e9 le nom de Dieu en vain? J\u00e9sus a dit\u00a0: \u00ab\u00a0Tout homme qui regarde une femme pour la convoiter a d\u00e9j\u00e0 commis un adult\u00e8re avec elle dans son c\u0153ur.\u00a0\u00bb Avez-vous regard\u00e9 quelqu\u2019un pour le (ou la) convoiter (avec [&hellip;]<\/p>\n","protected":false},"author":1,"featured_media":0,"parent":0,"menu_order":0,"comment_status":"open","ping_status":"closed","template":"","meta":{"footnotes":""},"class_list":["post-121","page","type-page","status-publish","hentry"],"_links":{"self":[{"href":"https:\/\/dikayo.com\/fr\/wp-json\/wp\/v2\/pages\/121","targetHints":{"allow":["GET"]}}],"collection":[{"href":"https:\/\/dikayo.com\/fr\/wp-json\/wp\/v2\/pages"}],"about":[{"href":"https:\/\/dikayo.com\/fr\/wp-json\/wp\/v2\/types\/page"}],"author":[{"embeddable":true,"href":"https:\/\/dikayo.com\/fr\/wp-json\/wp\/v2\/users\/1"}],"replies":[{"embeddable":true,"href":"https:\/\/dikayo.com\/fr\/wp-json\/wp\/v2\/comments?post=121"}],"version-history":[{"count":6,"href":"https:\/\/dikayo.com\/fr\/wp-json\/wp\/v2\/pages\/121\/revisions"}],"predecessor-version":[{"id":1568,"href":"https:\/\/dikayo.com\/fr\/wp-json\/wp\/v2\/pages\/121\/revisions\/1568"}],"wp:attachment":[{"href":"https:\/\/dikayo.com\/fr\/wp-json\/wp\/v2\/media?parent=121"}],"curies":[{"name":"wp","href":"https:\/\/api.w.org\/{rel}","templated":true}]}}