{"id":165,"date":"2014-06-08T09:43:41","date_gmt":"2014-06-08T09:43:41","guid":{"rendered":"http:\/\/www.godaddy.dikayo.com\/?page_id=165"},"modified":"2014-06-27T19:49:09","modified_gmt":"2014-06-27T17:49:09","slug":"ou-allez-vous","status":"publish","type":"page","link":"https:\/\/dikayo.com\/fr\/ou-allez-vous\/","title":{"rendered":"O\u00f9 Allez-vous ?"},"content":{"rendered":"<h2>Chaque jour, 150&rsquo;000 personnes meurent.<\/h2>\n<p>Cela signifie que chaque jour, 150&rsquo;000 personnes sautent de l\u2019avion de la vie, dans l&rsquo;\u00e9ternit\u00e9. Beaucoup de ceux qui ont saut\u00e9 hier, n\u2019ont jamais pens\u00e9 qu\u2019il existait une vie apr\u00e8s la mort, mais ils ont fait le saut quand m\u00eame. Peut-\u00eatre ne s&rsquo;attendaient-ils pas \u00e0 faire le saut \u00e0 un tr\u00e8s jeune \u00e2ge ou en bonne sant\u00e9, mais ils l\u2019ont fait. Peut-\u00eatre leurs succ\u00e8s ou leurs plans ont pris toute leur attention et ils n\u2019ont jamais r\u00e9fl\u00e9chi au saut qu\u2019ils auraient \u00e0 faire. Les membres de la famille et les proches de ceux qui font ce saut aujourd&rsquo;hui, pourraient ne pas \u00eatre pr\u00e9par\u00e9s non plus. Pendant les derni\u00e8res secondes, depuis que vous avez commenc\u00e9 \u00e0 lire ce blog, de nombreuses personnes ont pris ce saut fatal.<\/p>\n<p>Le fait est que nous faisons tous partie de la statistique suivante: sur 100 personnes, 100 meurent.<\/p>\n<p>Si nous sautons d&rsquo;un avion sans parachute, la Loi de la Gravit\u00e9 fera que nous nous \u00e9craserons \u00e0 terre. De m\u00eame, si nous sautons dans l&rsquo;\u00e9ternit\u00e9 sans \u00abparachute\u00bb, la Loi de Dieu nous brisera en mille morceaux.<\/p>\n<p>Pourquoi? Parce que Dieu nous a donn\u00e9 10 Commandements \u00e0 suivre et nous les avons transgress\u00e9s. Nous serons coupables au jour du Jugement:<\/p>\n<blockquote><p>1 .- Avez-vous aim\u00e9 Dieu, de tout votre c\u0153ur? Est-Il la priorit\u00e9 dans votre vie?<br \/>\n2 .- Vous \u00eates-vous cr\u00e9\u00e9 un dieu avec qui vous \u00eates \u00e0 l&rsquo;aise? Avez-vous quelque chose ou quelqu&rsquo;un qui commande votre vie comme l&rsquo;argent, les amis, les relations ou le travail?<br \/>\n3 .- Avez-vous toujours utilis\u00e9 le nom de Dieu avec respect?<br \/>\n4 .- Avez-vous toujours r\u00e9serv\u00e9 un jour pour Dieu?<br \/>\n5 .- Avez-vous toujours respect\u00e9 votre m\u00e8re et votre p\u00e8re?<br \/>\n6 .- Avez-vous assassin\u00e9 quelqu\u2019un? Saviez-vous que J\u00e9sus a dit que la haine \u00e9quivaut \u00e0 l\u2019assassinat? Alors, avez-vous d\u00e9j\u00e0 d\u00e9test\u00e9 quelqu&rsquo;un?<br \/>\n7 .- Avez-vous commis l\u2019adult\u00e8re? C\u2019est \u00e0 dire, avez-vous eu des relations sexuelles avec quelqu&rsquo;un en dehors du mariage, avec quelqu&rsquo;un d&rsquo;autre que votre \u00e9poux-se? Saviez-vous que J\u00e9sus a dit que si vous regardez quelqu\u2019un d\u2019autre avec des d\u00e9sirs sexuels, vous avez d\u00e9j\u00e0 commis l&rsquo;adult\u00e8re dans votre c\u0153ur? Alors, avez-vous d\u00e9j\u00e0 regard\u00e9 qui que ce soit ainsi?<br \/>\n8 .- Avez-vous d\u00e9j\u00e0 vol\u00e9 quelque chose? Peu importe la taille ou la valeur.<br \/>\n9 .- N\u2019avez-vous jamais dit de mensonge?<br \/>\n10 .- N\u2019avez-vous jamais souhait\u00e9 avoir la profession, l\u2019\u00e9pouse, la maison, la voiture, l\u2019emploi, le salaire, les vacances, etc. de quelqu\u2019un d\u2019autre? Vous avez convoit\u00e9.<\/p><\/blockquote>\n<p>Il est clair maintenant que la Loi de Dieu vous d\u00e9truira si vous \u201csautez de l&rsquo;avion\u201d de la vie dans l&rsquo;\u00e9ternit\u00e9, tels que vous \u00eates!<\/p>\n<p>Mais Dieu a donn\u00e9 \u00abun parachute\u00bb pour vous sauver: J\u00e9sus Christ. Le Fils de Dieu a v\u00e9cu une vie sans p\u00e9ch\u00e9 (Il a observ\u00e9 tous les Commandements) et Il est mort sur la croix \u00e0 votre place. C&rsquo;est le grand \u00e9change: Il a pris vos fautes, a pris sur lui la col\u00e8re de Dieu que vous m\u00e9ritez et vous a donn\u00e9 sa justice!<\/p>\n<p>Il faut vous repentir de vos p\u00e9ch\u00e9s; de tout acte et de toutes pens\u00e9es que vous aviez contre Dieu et Sa Loi. Ensuite, placez votre confiance en J\u00e9sus; mettez votre foi en Lui, comme \u00e9tant la seule fa\u00e7on de survivre le \u201csaut\u201d \u00e0 venir. Vous avez enfreint la Loi de Dieu, mais J\u00e9sus a pay\u00e9 votre amende: ainsi vous pouvez \u00eatre justifi\u00e9 devant Dieu.<\/p>\n<p>Il ne suffit pas de croire dans le parachute, vous devez le prendre. Vous devez le mettre et le serrer! La m\u00eame chose avec J\u00e9sus: croire veut dire se confier en Lui, se rev\u00eatir de Lui!<\/p>\n<p>Chaque jour, 150&rsquo;000 personnes meurent &#8230; n&rsquo;attendez pas une minute de plus!<\/p>\n<p>&nbsp;<\/p>\n","protected":false},"excerpt":{"rendered":"<p>Chaque jour, 150&rsquo;000 personnes meurent. Cela signifie que chaque jour, 150&rsquo;000 personnes sautent de l\u2019avion de la vie, dans l&rsquo;\u00e9ternit\u00e9. Beaucoup de ceux qui ont saut\u00e9 hier, n\u2019ont jamais pens\u00e9 qu\u2019il existait une vie apr\u00e8s la mort, mais ils ont fait le saut quand m\u00eame. Peut-\u00eatre ne s&rsquo;attendaient-ils pas \u00e0 faire le saut \u00e0 un [&hellip;]<\/p>\n","protected":false},"author":1,"featured_media":0,"parent":0,"menu_order":0,"comment_status":"closed","ping_status":"closed","template":"","meta":{"footnotes":""},"class_list":["post-165","page","type-page","status-publish","hentry"],"_links":{"self":[{"href":"https:\/\/dikayo.com\/fr\/wp-json\/wp\/v2\/pages\/165","targetHints":{"allow":["GET"]}}],"collection":[{"href":"https:\/\/dikayo.com\/fr\/wp-json\/wp\/v2\/pages"}],"about":[{"href":"https:\/\/dikayo.com\/fr\/wp-json\/wp\/v2\/types\/page"}],"author":[{"embeddable":true,"href":"https:\/\/dikayo.com\/fr\/wp-json\/wp\/v2\/users\/1"}],"replies":[{"embeddable":true,"href":"https:\/\/dikayo.com\/fr\/wp-json\/wp\/v2\/comments?post=165"}],"version-history":[{"count":3,"href":"https:\/\/dikayo.com\/fr\/wp-json\/wp\/v2\/pages\/165\/revisions"}],"predecessor-version":[{"id":335,"href":"https:\/\/dikayo.com\/fr\/wp-json\/wp\/v2\/pages\/165\/revisions\/335"}],"wp:attachment":[{"href":"https:\/\/dikayo.com\/fr\/wp-json\/wp\/v2\/media?parent=165"}],"curies":[{"name":"wp","href":"https:\/\/api.w.org\/{rel}","templated":true}]}}