{"id":167,"date":"2014-06-08T09:49:13","date_gmt":"2014-06-08T09:49:13","guid":{"rendered":"http:\/\/www.godaddy.dikayo.com\/?page_id=167"},"modified":"2014-06-08T09:49:13","modified_gmt":"2014-06-08T09:49:13","slug":"que-est-ce-que-vous-meritiez","status":"publish","type":"page","link":"https:\/\/dikayo.com\/fr\/que-est-ce-que-vous-meritiez\/","title":{"rendered":"Que-est ce que vous m\u00e9ritiez?"},"content":{"rendered":"<h2>Je suis un criminel et je m\u00e9rite l&rsquo;enfer.<\/h2>\n<p>J&rsquo;ai transgress\u00e9 la loi de Dieu. J&rsquo;ai menti plusieurs fois dans ma vie, j&rsquo;ai \u00e9galement vol\u00e9, m\u00eame si ce sont de petites choses; je les ai faites. J&rsquo;ai \u00e9galement utilis\u00e9 le nom de Dieu en vain. Il m&rsquo;a donn\u00e9 la vie et tout ce qui m\u2019est cher, mais j\u2019ai pris et utilis\u00e9 son son comme une mal\u00e9diction. J&rsquo;ai \u00e9galement regarde des femmes avec du d\u00e9sir et J\u00e9sus a dit, que c\u2019est consid\u00e9r\u00e9 comme l&rsquo;adult\u00e8re dans mon c\u0153ur. Enfin, j&rsquo;ai aussi d\u00e9test\u00e9 quelques personnes et J\u00e9sus consid\u00e8re la haine comme un assassinat.<\/p>\n<p>Ce ne sont que 5 des 10 Commandements, mais j&rsquo;ai de toute fa\u00e7on d\u00e9sob\u00e9is a tous!<\/p>\n<p>Dieu a pr\u00e9par\u00e9 un endroit appel\u00e9 l&rsquo;Enfer pour ma punition. Je suis coupable et sans aucun chance devant le Juge. Si je dis que je suis d\u00e9sol\u00e9, Il dira que je devrais \u00eatre d\u00e9sol\u00e9 parce que ce que j\u2019ai fait est pas bon. Si je dis que je ne le ferai plus, il dira qu\u2019il faut que j\u2019arr\u00eate mais il ne pourra pas supprimer ma punition m\u00e9rit\u00e9.<\/p>\n<p>Je suis un p\u00e9cheur et je vais en Enfer.<\/p>\n<blockquote><p>Mais Dieu m&rsquo;aime tellement, qu&rsquo;Il a pr\u00e9par\u00e9 une solution pour m&rsquo;\u00e9viter l\u2019Enfer. Il a envoy\u00e9 son Fils J\u00e9sus, pour souffrir et mourir sur la croix comme paiement pour mon p\u00e9ch\u00e9! J\u00e9sus a pris la punition que je m\u00e9ritais pour que le juge puisse me lib\u00e9rer: j&rsquo;ai bris\u00e9\u00a0la Loi de Dieu, mais J\u00e9sus a pay\u00e9 mon amende! Maintenant mon cas peut \u00eatre l\u00e9galement class\u00e9 \u00e0 cause du sacrifice de J\u00e9sus qui me justifie devant Dieu.<\/p><\/blockquote>\n<p>Dieu me donne le don gratuit de la justification et de la vie \u00e9ternelle, mais j\u2019ai besoin de me repentir de mes p\u00e9ch\u00e9s, de m\u2019en d\u00e9tourner et de me confier en J\u00e9sus comme le seul capable de me justifier devant le P\u00e8re.<\/p>\n<p>Je suis un p\u00e9cheur et je devais aller en Enfer, mais J\u00e9sus a souffert et il est mort pour moi pour payer mon amende avec son propre sang.<\/p>\n<p>Je suis un criminel&#8211;mais j&rsquo;ai \u00e9t\u00e9\u00a0justifi\u00e9.<\/p>\n<p>Et vous?<\/p>\n<p>&nbsp;<\/p>\n","protected":false},"excerpt":{"rendered":"<p>Je suis un criminel et je m\u00e9rite l&rsquo;enfer. J&rsquo;ai transgress\u00e9 la loi de Dieu. J&rsquo;ai menti plusieurs fois dans ma vie, j&rsquo;ai \u00e9galement vol\u00e9, m\u00eame si ce sont de petites choses; je les ai faites. J&rsquo;ai \u00e9galement utilis\u00e9 le nom de Dieu en vain. Il m&rsquo;a donn\u00e9 la vie et tout ce qui m\u2019est cher, [&hellip;]<\/p>\n","protected":false},"author":1,"featured_media":0,"parent":0,"menu_order":0,"comment_status":"closed","ping_status":"closed","template":"","meta":{"footnotes":""},"class_list":["post-167","page","type-page","status-publish","hentry"],"_links":{"self":[{"href":"https:\/\/dikayo.com\/fr\/wp-json\/wp\/v2\/pages\/167","targetHints":{"allow":["GET"]}}],"collection":[{"href":"https:\/\/dikayo.com\/fr\/wp-json\/wp\/v2\/pages"}],"about":[{"href":"https:\/\/dikayo.com\/fr\/wp-json\/wp\/v2\/types\/page"}],"author":[{"embeddable":true,"href":"https:\/\/dikayo.com\/fr\/wp-json\/wp\/v2\/users\/1"}],"replies":[{"embeddable":true,"href":"https:\/\/dikayo.com\/fr\/wp-json\/wp\/v2\/comments?post=167"}],"version-history":[{"count":1,"href":"https:\/\/dikayo.com\/fr\/wp-json\/wp\/v2\/pages\/167\/revisions"}],"predecessor-version":[{"id":168,"href":"https:\/\/dikayo.com\/fr\/wp-json\/wp\/v2\/pages\/167\/revisions\/168"}],"wp:attachment":[{"href":"https:\/\/dikayo.com\/fr\/wp-json\/wp\/v2\/media?parent=167"}],"curies":[{"name":"wp","href":"https:\/\/api.w.org\/{rel}","templated":true}]}}