{"id":1967,"date":"2021-03-19T19:08:08","date_gmt":"2021-03-19T18:08:08","guid":{"rendered":"http:\/\/www.dikayo.com\/?page_id=1967"},"modified":"2021-03-19T19:46:46","modified_gmt":"2021-03-19T18:46:46","slug":"espoir","status":"publish","type":"page","link":"https:\/\/dikayo.com\/fr\/espoir\/","title":{"rendered":"Y a-t-il de l&rsquo;espoir?"},"content":{"rendered":"\n<figure class=\"wp-block-image size-large is-style-default\"><a href=\"http:\/\/www.dikayo.com\/wp-content\/uploads\/2021\/03\/Espoir-Recto-1.jpg\"><img loading=\"lazy\" decoding=\"async\" width=\"1024\" height=\"576\" src=\"http:\/\/www.dikayo.com\/wp-content\/uploads\/2021\/03\/Espoir-Recto-1-1024x576.jpg\" alt=\"\" class=\"wp-image-1968\" srcset=\"https:\/\/dikayo.com\/wp-content\/uploads\/2021\/03\/Espoir-Recto-1-1024x576.jpg 1024w, https:\/\/dikayo.com\/wp-content\/uploads\/2021\/03\/Espoir-Recto-1-300x169.jpg 300w, https:\/\/dikayo.com\/wp-content\/uploads\/2021\/03\/Espoir-Recto-1-768x432.jpg 768w, https:\/\/dikayo.com\/wp-content\/uploads\/2021\/03\/Espoir-Recto-1-1536x864.jpg 1536w, https:\/\/dikayo.com\/wp-content\/uploads\/2021\/03\/Espoir-Recto-1-2048x1152.jpg 2048w\" sizes=\"auto, (max-width: 1024px) 100vw, 1024px\" \/><\/a><\/figure>\n\n\n\n<div class=\"wp-block-group\"><div class=\"wp-block-group__inner-container is-layout-flow wp-block-group-is-layout-flow\">\n<blockquote class=\"wp-block-quote is-style-large is-layout-flow wp-block-quote-is-layout-flow\"><p>Et s\u2019il y avait un rem\u00e8de contre la mort?<\/p><p>Voici un test simple pour voir si vous irez au Paradis: Avez-vous d\u00e9j\u00e0 menti? vol\u00e9? Vous \u00eates-vous mis en col\u00e8re contre quelqu&rsquo;un? (tuer l&rsquo;autre dans son coeur). Avez-vous regard\u00e9 une personne avec des d\u00e9sirs sexuels (en dehors de votre \u00e9pouse\/\u00e9poux)? Dieu consid\u00e8re cela comme de l&rsquo;adult\u00e8re. Serez-vous coupable au Jour du Jugement? Si vous avez fait ces choses, Dieu vous voit comme menteur, voleur, meurtrier, adult\u00e8re. De m\u00eame que le criminel va en prison, la Bible avertit que les coupables iront en Enfer. <\/p><p>Dieu ne d\u00e9sire pas que vous finissiez en Enfer. Il a envoy\u00e9 Son Fils pour souffrir et mourir sur la croix pour vous : J\u00e9sus a pris le Jugement que vous m\u00e9ritez: \u201cDieu a tant aim\u00e9 le monde qu\u2019il a donn\u00e9 son Fils unique afin que quiconque croit en lui ne p\u00e9risse pas mais ait la vie \u00e9ternelle.\u201d Vous avez enfreint la Loi de Dieu (les 10 Commandements) mais J\u00e9sus a pay\u00e9 votre amende. Puis Il est ressuscit\u00e9, Il a vaincu la mort.<\/p><p>SVP, repentez-vous (d\u00e9tournez-vous de vos p\u00e9ch\u00e9s) aujourd&rsquo;hui, mettez votre confiance en J\u00e9sus et Dieu vous accordera la Vie \u00e9ternelle.<\/p><p><em>OUI il y a de l&rsquo;espoir<\/em> &#8211; ces films vous aideront: <a href=\"http:\/\/Dikayo.com\/fr\/Films\">Dikayo.com\/fr\/Films<\/a><\/p><\/blockquote>\n<\/div><\/div>\n","protected":false},"excerpt":{"rendered":"<p>Et s\u2019il y avait un rem\u00e8de contre la mort? Voici un test simple pour voir si vous irez au Paradis: Avez-vous d\u00e9j\u00e0 menti? vol\u00e9? Vous \u00eates-vous mis en col\u00e8re contre quelqu&rsquo;un? (tuer l&rsquo;autre dans son coeur). Avez-vous regard\u00e9 une personne avec des d\u00e9sirs sexuels (en dehors de votre \u00e9pouse\/\u00e9poux)? Dieu consid\u00e8re cela comme de l&rsquo;adult\u00e8re. [&hellip;]<\/p>\n","protected":false},"author":1,"featured_media":0,"parent":0,"menu_order":0,"comment_status":"closed","ping_status":"closed","template":"","meta":{"footnotes":""},"class_list":["post-1967","page","type-page","status-publish","hentry"],"_links":{"self":[{"href":"https:\/\/dikayo.com\/fr\/wp-json\/wp\/v2\/pages\/1967","targetHints":{"allow":["GET"]}}],"collection":[{"href":"https:\/\/dikayo.com\/fr\/wp-json\/wp\/v2\/pages"}],"about":[{"href":"https:\/\/dikayo.com\/fr\/wp-json\/wp\/v2\/types\/page"}],"author":[{"embeddable":true,"href":"https:\/\/dikayo.com\/fr\/wp-json\/wp\/v2\/users\/1"}],"replies":[{"embeddable":true,"href":"https:\/\/dikayo.com\/fr\/wp-json\/wp\/v2\/comments?post=1967"}],"version-history":[{"count":4,"href":"https:\/\/dikayo.com\/fr\/wp-json\/wp\/v2\/pages\/1967\/revisions"}],"predecessor-version":[{"id":1973,"href":"https:\/\/dikayo.com\/fr\/wp-json\/wp\/v2\/pages\/1967\/revisions\/1973"}],"wp:attachment":[{"href":"https:\/\/dikayo.com\/fr\/wp-json\/wp\/v2\/media?parent=1967"}],"curies":[{"name":"wp","href":"https:\/\/api.w.org\/{rel}","templated":true}]}}