{"id":204,"date":"2014-06-08T10:25:53","date_gmt":"2014-06-08T10:25:53","guid":{"rendered":"http:\/\/www.godaddy.dikayo.com\/?page_id=204"},"modified":"2014-06-08T22:22:14","modified_gmt":"2014-06-08T20:22:14","slug":"accueil","status":"publish","type":"page","link":"https:\/\/dikayo.com\/fr\/accueil\/","title":{"rendered":"Accueil"},"content":{"rendered":"<blockquote>\n<h1><\/h1>\n<hr \/>\n<h1 style=\"text-align: center;\"><a title=\"La question \u00e0 1 million d\u2019Euros\" href=\"http:\/\/www.godaddy.dikayo.com\/fr\/la-question-a-1-million-deuros\/\">La question \u00e0 1 million d\u2019Euros<\/a><\/h1>\n<p style=\"text-align: center;\">\n<h1 style=\"text-align: center;\"><a title=\"\u00cates-vous une bonne personne?\" href=\"http:\/\/www.godaddy.dikayo.com\/fr\/etes-vous-une-bonne-personne\/\">\u00cates-vous une bonne personne?<\/a><\/h1>\n<p style=\"text-align: center;\">\n<h1 style=\"text-align: center;\"><a title=\"O\u00f9 Allez-vous ?\" href=\"http:\/\/www.godaddy.dikayo.com\/fr\/ou-allez-vous\/\">O\u00f9 Allez-vous ?<\/a><\/h1>\n<p style=\"text-align: center;\">\n<h1 style=\"text-align: center;\"><a title=\"Que-est ce que vous m\u00e9ritiez?\" href=\"http:\/\/www.godaddy.dikayo.com\/fr\/que-est-ce-que-vous-meritiez\/\">Que-est ce que vous m\u00e9ritiez?\u00a0<\/a><\/h1>\n<hr \/>\n<p>&nbsp;<\/p><\/blockquote>\n","protected":false},"excerpt":{"rendered":"<p>La question \u00e0 1 million d\u2019Euros \u00cates-vous une bonne personne? O\u00f9 Allez-vous ? Que-est ce que vous m\u00e9ritiez?\u00a0 &nbsp;<\/p>\n","protected":false},"author":1,"featured_media":0,"parent":0,"menu_order":0,"comment_status":"closed","ping_status":"closed","template":"","meta":{"footnotes":""},"class_list":["post-204","page","type-page","status-publish","hentry"],"_links":{"self":[{"href":"https:\/\/dikayo.com\/fr\/wp-json\/wp\/v2\/pages\/204","targetHints":{"allow":["GET"]}}],"collection":[{"href":"https:\/\/dikayo.com\/fr\/wp-json\/wp\/v2\/pages"}],"about":[{"href":"https:\/\/dikayo.com\/fr\/wp-json\/wp\/v2\/types\/page"}],"author":[{"embeddable":true,"href":"https:\/\/dikayo.com\/fr\/wp-json\/wp\/v2\/users\/1"}],"replies":[{"embeddable":true,"href":"https:\/\/dikayo.com\/fr\/wp-json\/wp\/v2\/comments?post=204"}],"version-history":[{"count":6,"href":"https:\/\/dikayo.com\/fr\/wp-json\/wp\/v2\/pages\/204\/revisions"}],"predecessor-version":[{"id":261,"href":"https:\/\/dikayo.com\/fr\/wp-json\/wp\/v2\/pages\/204\/revisions\/261"}],"wp:attachment":[{"href":"https:\/\/dikayo.com\/fr\/wp-json\/wp\/v2\/media?parent=204"}],"curies":[{"name":"wp","href":"https:\/\/api.w.org\/{rel}","templated":true}]}}