{"id":540,"date":"2014-07-13T22:41:41","date_gmt":"2014-07-13T20:41:41","guid":{"rendered":"http:\/\/www.godaddy.dikayo.com\/?page_id=540"},"modified":"2014-07-13T23:01:59","modified_gmt":"2014-07-13T21:01:59","slug":"blogfr","status":"publish","type":"page","link":"https:\/\/dikayo.com\/fr\/blogfr\/","title":{"rendered":"Blog"},"content":{"rendered":"<blockquote><p><span style=\"color: #444444;\"><div class='pfpItem entry-content'><h2 class='entry-title'><a href='https:\/\/dikayo.com\/fr\/le-code-de-l-adn\/'>Le Code de l'ADN<\/a><\/h2><img decoding=\"async\" src=\"https:\/\/dikayo.com\/wp-content\/uploads\/2015\/12\/photo_51546_20151124-150x150.jpg\" \/>Consid\u00e9rez un instant s\u2019il vous est possible de croire qu\u2019un livre puisse \u00eatre le produit du hasard. Voici l&rsquo;affaire : Il n&rsquo;y avait rien. Puis le papier est apparu, l&rsquo;encre est tomb\u00e9e de nulle part sur les\u00a0pages et a prise d&rsquo;elle\u00ad-m\u00eame l\u2019aspect de lettres parfaitement form\u00e9es. Au d\u00e9but les lettres disaient\u00a0quelque chose comme: \u201cfgsn&amp;k cnldxc [&hellip;]<a href='https:\/\/dikayo.com\/fr\/le-code-de-l-adn\/' class='pfpReadMore'> <strong>En savoir plus<\/strong><\/span><strong> \u00bb\u00bb<\/strong><\/a><div class='clear'><\/div><hr><\/div><div class='pfpItem entry-content'><h2 class='entry-title'><a href='https:\/\/dikayo.com\/fr\/le-grand-echange\/'>Le Grand Echange<\/a><\/h2><img decoding=\"async\" src=\"https:\/\/dikayo.com\/wp-content\/uploads\/2014\/07\/1060296_54662638-150x150.jpg\" \/>Ceci est Le Grand Echange: J\u00e9sus a pris vos p\u00e9ch\u00e9s et vous offre Sa justice.<a href='https:\/\/dikayo.com\/fr\/le-grand-echange\/' class='pfpReadMore'> <strong>En savoir plus<\/strong><\/span><strong> \u00bb\u00bb<\/strong><\/a><div class='clear'><\/div><hr><\/div><div class='pfpItem entry-content'><h2 class='entry-title'><a href='https:\/\/dikayo.com\/fr\/ninvite-pas-jesus\/'>N'invite PAS J\u00e9sus<\/a><\/h2><img decoding=\"async\" src=\"https:\/\/dikayo.com\/wp-content\/uploads\/2014\/07\/1420593_13328233-150x150.jpg\" \/>La musique est charg\u00e9e et tr\u00e8s \u00e9motionnelle, le pr\u00e9dicateur plaide, \u00ab\u00a0Donnez votre c\u0153ur \u00e0 J\u00e9sus. Nous avons un vide dans le coeur que seul J\u00e9sus peut remplir.\u00a0\u00bb Des dizaines, des centaines, des milliers de personnes qui veulent am\u00e9liorer leur vie spirituelle, s&rsquo;avancent et invitent J\u00e9sus dans leur c\u0153ur. Trois mois plus tard: Personne n&rsquo;a jamais [&hellip;]<a href='https:\/\/dikayo.com\/fr\/ninvite-pas-jesus\/' class='pfpReadMore'> <strong>En savoir plus<\/strong><\/span><strong> \u00bb\u00bb<\/strong><\/a><div class='clear'><\/div><hr><\/div><div class='pfpItem entry-content'><h2 class='entry-title'><a href='https:\/\/dikayo.com\/fr\/votre-evangile\/'>Votre Evangile.<\/a><\/h2><img decoding=\"async\" src=\"https:\/\/dikayo.com\/wp-content\/uploads\/2014\/07\/John_Calvin_-_best_likeness-150x150.jpg\" \/>Permettez-moi de vous demander: Votre pr\u00e9sentation de l&rsquo;Evangile, est-elle comme celle de John Calvin? Ou est-elle plus comme un message du Dr Phil ou d&rsquo;Oprah? Je vous invite \u00e0 lire ci-dessous, l&rsquo;extrait d&rsquo;une lettre que Calvin a envoy\u00e9e au Cardinal Catholique, Sadoleto, en 1539. Voyez si vous pouvez vous identifier avec l&rsquo;\u00e9vangile de Calvin. \u201cTout [&hellip;]<a href='https:\/\/dikayo.com\/fr\/votre-evangile\/' class='pfpReadMore'> <strong>En savoir plus<\/strong><\/span><strong> \u00bb\u00bb<\/strong><\/a><div class='clear'><\/div><hr><\/div><div class='pfpItem entry-content'><h2 class='entry-title'><a href='https:\/\/dikayo.com\/fr\/le-temps-efface\/'>Le Temps Efface<\/a><\/h2><img decoding=\"async\" src=\"https:\/\/dikayo.com\/wp-content\/uploads\/2014\/07\/undefined-150x150.jpg\" \/>J&rsquo;ai lu, un jour, l&rsquo;histoire d&rsquo;un homme, en Angleterre, qui\u00a0 \u00e9tait impliqu\u00e9 dans le trafique de drogues et utilisait une calculatrice tr\u00e8s sophistiqu\u00e9e pour maintenir le suivi de ses dossiers. Lorsque la police l&rsquo;a arr\u00eat\u00e9, il a dit qu&rsquo;il avait effac\u00e9 la m\u00e9moire de la calculatrice et que la police serait dans l&rsquo;impossibilit\u00e9 de retrouver [&hellip;]<a href='https:\/\/dikayo.com\/fr\/le-temps-efface\/' class='pfpReadMore'> <strong>En savoir plus<\/strong><\/span><strong> \u00bb\u00bb<\/strong><\/a><div class='clear'><\/div><hr><\/div><div class='pfpItem entry-content'><h2 class='entry-title'><a href='https:\/\/dikayo.com\/fr\/bdjd\/'>BDJD<\/a><\/h2>Qu&rsquo;est-ce que J\u00e9sus a fait? BVous consid\u00e9r\u00e9rez-vous une bonne personne? La plupart des gens pensent qu&rsquo;ils le sont (Proverbes 20:6). En se comparant aux autres ils pensent \u00eatre de bonnes personnes. DPensez-vous avoir suivi les Dix Commandements? Encore une fois, la plupart des gens disent que Oui. Beaucoup d&rsquo;entre eux ne connaissent m\u00eame pas les [&hellip;]<a href='https:\/\/dikayo.com\/fr\/bdjd\/' class='pfpReadMore'> <strong>En savoir plus<\/strong><\/span><strong> \u00bb\u00bb<\/strong><\/a><div class='clear'><\/div><hr><\/div><\/p><\/blockquote>\n","protected":false},"excerpt":{"rendered":"","protected":false},"author":1,"featured_media":0,"parent":0,"menu_order":0,"comment_status":"open","ping_status":"open","template":"","meta":{"footnotes":""},"class_list":["post-540","page","type-page","status-publish","hentry"],"_links":{"self":[{"href":"https:\/\/dikayo.com\/fr\/wp-json\/wp\/v2\/pages\/540","targetHints":{"allow":["GET"]}}],"collection":[{"href":"https:\/\/dikayo.com\/fr\/wp-json\/wp\/v2\/pages"}],"about":[{"href":"https:\/\/dikayo.com\/fr\/wp-json\/wp\/v2\/types\/page"}],"author":[{"embeddable":true,"href":"https:\/\/dikayo.com\/fr\/wp-json\/wp\/v2\/users\/1"}],"replies":[{"embeddable":true,"href":"https:\/\/dikayo.com\/fr\/wp-json\/wp\/v2\/comments?post=540"}],"version-history":[{"count":1,"href":"https:\/\/dikayo.com\/fr\/wp-json\/wp\/v2\/pages\/540\/revisions"}],"predecessor-version":[{"id":541,"href":"https:\/\/dikayo.com\/fr\/wp-json\/wp\/v2\/pages\/540\/revisions\/541"}],"wp:attachment":[{"href":"https:\/\/dikayo.com\/fr\/wp-json\/wp\/v2\/media?parent=540"}],"curies":[{"name":"wp","href":"https:\/\/api.w.org\/{rel}","templated":true}]}}