{"id":759,"date":"2014-07-26T10:16:01","date_gmt":"2014-07-26T08:16:01","guid":{"rendered":"http:\/\/www.godaddy.dikayo.com\/?page_id=759"},"modified":"2021-03-19T18:22:20","modified_gmt":"2021-03-19T17:22:20","slug":"films","status":"publish","type":"page","link":"https:\/\/dikayo.com\/fr\/films\/","title":{"rendered":"Films"},"content":{"rendered":"<blockquote><p><span style=\"color: #444444;\"><div class='pfpItem entry-content'><h2 class='entry-title'><a href='https:\/\/dikayo.com\/fr\/athee-vraiment\/'>Ath\u00e9e : vraiment ?<\/a><\/h2><img decoding=\"async\" src=\"https:\/\/dikayo.com\/wp-content\/uploads\/2021\/03\/Athee-150x150.jpg\" \/>Pourquoi des millions nient ce qui est \u00e9vident.<a href='https:\/\/dikayo.com\/fr\/athee-vraiment\/' class='pfpReadMore'> <strong>Visualisation gratuite<\/strong><\/span><strong> \u00bb\u00bb<\/strong><\/a><div class='clear'><\/div><hr><\/div><div class='pfpItem entry-content'><h2 class='entry-title'><a href='https:\/\/dikayo.com\/fr\/noe\/'>Noe<\/a><\/h2><img decoding=\"async\" src=\"https:\/\/dikayo.com\/wp-content\/uploads\/2014\/07\/NoahDVD-cover-150x150.jpg\" \/>A l'\u00e9poque de No\u00e9, les gens vivaient leur vie de tous les jours sans tenir compte de la destruction imminente.<a href='https:\/\/dikayo.com\/fr\/noe\/' class='pfpReadMore'> <strong>Visualisation gratuite<\/strong><\/span><strong> \u00bb\u00bb<\/strong><\/a><div class='clear'><\/div><hr><\/div><div class='pfpItem entry-content'><h2 class='entry-title'><a href='https:\/\/dikayo.com\/fr\/evolution-versus-dieu\/'>Evolution Versus Dieu<\/a><\/h2><img decoding=\"async\" src=\"https:\/\/dikayo.com\/wp-content\/uploads\/2014\/07\/EvG2-150x150.jpg\" \/>Croyez-vous \u00e0 l'Evolution? Allez v\u00e9rifer ce que les experts ont \u00e0 dire sur le sujet et voyez si vous y croyez encore \u00e0 la fin du documentaire.<a href='https:\/\/dikayo.com\/fr\/evolution-versus-dieu\/' class='pfpReadMore'> <strong>Visualisation gratuite<\/strong><\/span><strong> \u00bb\u00bb<\/strong><\/a><div class='clear'><\/div><hr><\/div><div class='pfpItem entry-content'><h2 class='entry-title'><a href='https:\/\/dikayo.com\/fr\/genie\/'>Genie<\/a><\/h2><img decoding=\"async\" src=\"https:\/\/dikayo.com\/wp-content\/uploads\/2014\/07\/genius_onblack320x220-150x150.jpg\" \/>Ces personnes ont admis qu'elles tueraient si on les payait assez...<a href='https:\/\/dikayo.com\/fr\/genie\/' class='pfpReadMore'> <strong>Visualisation gratuite<\/strong><\/span><strong> \u00bb\u00bb<\/strong><\/a><div class='clear'><\/div><hr><\/div><div class='pfpItem entry-content'><h2 class='entry-title'><a href='https:\/\/dikayo.com\/fr\/180-le-film\/'>180 - Le Film<\/a><\/h2><img decoding=\"async\" src=\"https:\/\/dikayo.com\/wp-content\/uploads\/2014\/07\/image003-150x150.jpg\" \/>33 minutes qui vont basculer votre monde! <a href='https:\/\/dikayo.com\/fr\/180-le-film\/' class='pfpReadMore'> <strong>Visualisation gratuite<\/strong><\/span><strong> \u00bb\u00bb<\/strong><\/a><div class='clear'><\/div><hr><\/div><\/p><\/blockquote>\n","protected":false},"excerpt":{"rendered":"","protected":false},"author":1,"featured_media":0,"parent":0,"menu_order":0,"comment_status":"open","ping_status":"open","template":"","meta":{"footnotes":""},"class_list":["post-759","page","type-page","status-publish","hentry"],"_links":{"self":[{"href":"https:\/\/dikayo.com\/fr\/wp-json\/wp\/v2\/pages\/759","targetHints":{"allow":["GET"]}}],"collection":[{"href":"https:\/\/dikayo.com\/fr\/wp-json\/wp\/v2\/pages"}],"about":[{"href":"https:\/\/dikayo.com\/fr\/wp-json\/wp\/v2\/types\/page"}],"author":[{"embeddable":true,"href":"https:\/\/dikayo.com\/fr\/wp-json\/wp\/v2\/users\/1"}],"replies":[{"embeddable":true,"href":"https:\/\/dikayo.com\/fr\/wp-json\/wp\/v2\/comments?post=759"}],"version-history":[{"count":6,"href":"https:\/\/dikayo.com\/fr\/wp-json\/wp\/v2\/pages\/759\/revisions"}],"predecessor-version":[{"id":1960,"href":"https:\/\/dikayo.com\/fr\/wp-json\/wp\/v2\/pages\/759\/revisions\/1960"}],"wp:attachment":[{"href":"https:\/\/dikayo.com\/fr\/wp-json\/wp\/v2\/media?parent=759"}],"curies":[{"name":"wp","href":"https:\/\/api.w.org\/{rel}","templated":true}]}}