{"id":813,"date":"2014-10-27T19:41:46","date_gmt":"2014-10-27T18:41:46","guid":{"rendered":"http:\/\/www.godaddy.dikayo.com\/?page_id=813"},"modified":"2014-10-27T19:47:47","modified_gmt":"2014-10-27T18:47:47","slug":"l-eternite-parlons-en","status":"publish","type":"page","link":"https:\/\/dikayo.com\/fr\/l-eternite-parlons-en\/","title":{"rendered":"L&rsquo; \u00e9ternit\u00e9? Parlons-en"},"content":{"rendered":"<blockquote><p><span style=\"color: #444444;\"><div class='pfpItem entry-content'><h2 class='entry-title'><a href='https:\/\/dikayo.com\/fr\/jesuiscatholique\/'>Je suis Catholique<\/a><\/h2><img decoding=\"async\" src=\"https:\/\/dikayo.com\/wp-content\/uploads\/2015\/02\/Je-suis-Catholique-150x150.jpg\" \/>\u00ab\u00a0Je suis Catholique: j&rsquo;ai fait nettement plus de bonnes choses que de mauvaises&#8230;\u00a0\u00bb Avez-vous \u00e9t\u00e9 dans une situation o\u00f9 vous partagez votre foi avec quelqu&rsquo;un et vous r\u00e9alisez qu&rsquo;ils sont Catholiques et vous pensez \u00ab\u00a0Oh non! Connaissent-ils vraiment l&rsquo;Evangile? puis vous r\u00e9alisez qu&rsquo;ils s&rsquo;appellent Paul ou Pierre et vous pensez: \u00ab\u00a0Super Catholiques! D&rsquo;accord. J&rsquo;ai peut-\u00eatre [&hellip;]<a href='https:\/\/dikayo.com\/fr\/jesuiscatholique\/' class='pfpReadMore'> <strong>Regardez maintenant<\/strong><\/span><strong> \u00bb\u00bb<\/strong><\/a><div class='clear'><\/div><hr><\/div><div class='pfpItem entry-content'><h2 class='entry-title'><a href='https:\/\/dikayo.com\/fr\/reflechit-en-profondeur\/'>Un Penseur S\u00e9rieux<\/a><\/h2><img decoding=\"async\" src=\"https:\/\/dikayo.com\/wp-content\/uploads\/2015\/02\/1-150x150.jpg\" \/>Andrew est un jeune homme qui r\u00e9fl\u00e9chit en profondeur&#8211;on s&rsquo;en aper\u00e7oit rapidement. Il a \u00e9tudi\u00e9 les religions et les philosophies. Il y pense tr\u00e8s souvent et parfois vous avez des conversations avec des gars comme \u00e7a qui sont en mesure de percevoir la v\u00e9rit\u00e9 et de saisir ce qui est vrai tout en passant \u00e0 [&hellip;]<a href='https:\/\/dikayo.com\/fr\/reflechit-en-profondeur\/' class='pfpReadMore'> <strong>Regardez maintenant<\/strong><\/span><strong> \u00bb\u00bb<\/strong><\/a><div class='clear'><\/div><hr><\/div><div class='pfpItem entry-content'><h2 class='entry-title'><a href='https:\/\/dikayo.com\/fr\/temoin-de-jehovah\/'>T\u00e9moin de J\u00e9hovah<\/a><\/h2><img decoding=\"async\" src=\"https:\/\/dikayo.com\/wp-content\/uploads\/2015\/01\/JW-150x150.jpg\" \/>\u00ab\u00a0Honn\u00eatement, je ne suis pas vraiment s\u00fbr d&rsquo;entrer dans le Royaume&#8230;\u00a0\u00bb EZ: Une mani\u00e8re typique que nous empruntons avec les T\u00e9moins de J\u00e9hova, et la plupart des Chr\u00e9tiens prennent cette approche, c&rsquo;est de parler de la trinit\u00e9 de DIEU, de la divinit\u00e9 de Christ. C&rsquo;est une fa\u00e7on l\u00e9gitime d&rsquo;aborder cette situation mais la question est, [&hellip;]<a href='https:\/\/dikayo.com\/fr\/temoin-de-jehovah\/' class='pfpReadMore'> <strong>Regardez maintenant<\/strong><\/span><strong> \u00bb\u00bb<\/strong><\/a><div class='clear'><\/div><hr><\/div><div class='pfpItem entry-content'><h2 class='entry-title'><a href='https:\/\/dikayo.com\/fr\/un-etre-superieur\/'>Un Etre sup\u00e9rieur<\/a><\/h2><img decoding=\"async\" src=\"https:\/\/dikayo.com\/wp-content\/uploads\/2015\/01\/1-150x150.jpg\" \/>Denise dit ne pas croire dans le Dieu de la Bible\u00a0ni au Paradis, ni \u00e0 l&rsquo;Enfer. Mais il est int\u00e9ressant de remarquer qu&rsquo;en profondeur\u00a0elle reconnait\u00a0la r\u00e9alit\u00e9 de ces v\u00e9rit\u00e9s,\u00a0lorsque Ray la place au centre \u00a0de deux dilemnes moraux qui la poussent \u00e0 r\u00e9fl\u00e9chir. Observez ce qui se passe!<a href='https:\/\/dikayo.com\/fr\/un-etre-superieur\/' class='pfpReadMore'> <strong>Regardez maintenant<\/strong><\/span><strong> \u00bb\u00bb<\/strong><\/a><div class='clear'><\/div><hr><\/div><div class='pfpItem entry-content'><h2 class='entry-title'><a href='https:\/\/dikayo.com\/fr\/la-reincarnation\/'>La R\u00e9incarnation<\/a><\/h2><img decoding=\"async\" src=\"https:\/\/dikayo.com\/wp-content\/uploads\/2014\/11\/La-Reincarnation-150x150.jpg\" \/>Vous allez rencontrer Marco et Stacy\u00a0un couple adorable qui partage ses croyances\u00a0sur la vie apr\u00e8s la mort. Elle, croit\u00a0en la r\u00e9incarnation\u00a0qu&rsquo;on revient sous une autre forme.\u00a0Lui, par contre, n&rsquo;est pas s\u00fbr\u00a0si Dieu existe.<a href='https:\/\/dikayo.com\/fr\/la-reincarnation\/' class='pfpReadMore'> <strong>Regardez maintenant<\/strong><\/span><strong> \u00bb\u00bb<\/strong><\/a><div class='clear'><\/div><hr><\/div><div class='pfpItem entry-content'><h2 class='entry-title'><a href='https:\/\/dikayo.com\/fr\/le-purgatoire\/'>Le Purgatoire<\/a><\/h2><img decoding=\"async\" src=\"https:\/\/dikayo.com\/wp-content\/uploads\/2014\/10\/Le-Purgatoire-150x150.jpg\" \/>Mona croit qu&rsquo;il existe un endroit appel\u00e9 \u201cle purgatoire\u201d et que pour pouvoir entrer au Paradis on doit m\u00e9riter la faveur de Dieu. Regardez comment Ray gentiment mais clairement, l&rsquo;aide \u00e0 faire le diagnostique de sa propre maladie du p\u00e9ch\u00e9 puis lui prescrit le traitement d&rsquo;un Sauveur.<a href='https:\/\/dikayo.com\/fr\/le-purgatoire\/' class='pfpReadMore'> <strong>Regardez maintenant<\/strong><\/span><strong> \u00bb\u00bb<\/strong><\/a><div class='clear'><\/div><hr><\/div><div class='pfpItem entry-content'><h2 class='entry-title'><a href='https:\/\/dikayo.com\/fr\/invisible-pere-celeste\/'>Invisible P\u00e8re C\u00e9leste<\/a><\/h2><img decoding=\"async\" src=\"https:\/\/dikayo.com\/wp-content\/uploads\/2014\/10\/Invisible-Pere-Celeste-e1414436164252-150x150.jpg\" \/>C&rsquo;est tr\u00e8s int\u00e9ressant de voir Ray croiser le fer avec Andrew l&rsquo;Ath\u00e9e qui refuse de croire en un \u201cInvisible Papa C\u00e9leste\u201d. Une des raisons, c&rsquo;est qu&rsquo;il croit que le Dieu de la Bible approuve l&rsquo;esclavage et aurait dit qu&rsquo;il est acceptable de battre son esclave. Observez Ray alors qu&rsquo;il l&rsquo;am\u00e8ne avec gr\u00e2ce \u00e0 travers la [&hellip;]<a href='https:\/\/dikayo.com\/fr\/invisible-pere-celeste\/' class='pfpReadMore'> <strong>Regardez maintenant<\/strong><\/span><strong> \u00bb\u00bb<\/strong><\/a><div class='clear'><\/div><hr><\/div><\/p><\/blockquote>\n<p style=\"text-align: center;\">\n","protected":false},"excerpt":{"rendered":"","protected":false},"author":1,"featured_media":0,"parent":0,"menu_order":0,"comment_status":"open","ping_status":"open","template":"","meta":{"footnotes":""},"class_list":["post-813","page","type-page","status-publish","hentry"],"_links":{"self":[{"href":"https:\/\/dikayo.com\/fr\/wp-json\/wp\/v2\/pages\/813","targetHints":{"allow":["GET"]}}],"collection":[{"href":"https:\/\/dikayo.com\/fr\/wp-json\/wp\/v2\/pages"}],"about":[{"href":"https:\/\/dikayo.com\/fr\/wp-json\/wp\/v2\/types\/page"}],"author":[{"embeddable":true,"href":"https:\/\/dikayo.com\/fr\/wp-json\/wp\/v2\/users\/1"}],"replies":[{"embeddable":true,"href":"https:\/\/dikayo.com\/fr\/wp-json\/wp\/v2\/comments?post=813"}],"version-history":[{"count":4,"href":"https:\/\/dikayo.com\/fr\/wp-json\/wp\/v2\/pages\/813\/revisions"}],"predecessor-version":[{"id":818,"href":"https:\/\/dikayo.com\/fr\/wp-json\/wp\/v2\/pages\/813\/revisions\/818"}],"wp:attachment":[{"href":"https:\/\/dikayo.com\/fr\/wp-json\/wp\/v2\/media?parent=813"}],"curies":[{"name":"wp","href":"https:\/\/api.w.org\/{rel}","templated":true}]}}