{"id":844,"date":"2014-10-30T16:19:49","date_gmt":"2014-10-30T15:19:49","guid":{"rendered":"http:\/\/www.godaddy.dikayo.com\/?page_id=844"},"modified":"2023-11-23T09:41:29","modified_gmt":"2023-11-23T08:41:29","slug":"noel","status":"publish","type":"page","link":"https:\/\/dikayo.com\/fr\/noel\/","title":{"rendered":"Noel"},"content":{"rendered":"<div class=\"resp-video-center\" style=\"width: 100%;\"><div class=\"resp-video-wrapper size-16-9\"><iframe title=\"Joyeux No\u00ebl !\" src=\"https:\/\/www.youtube.com\/embed\/YTZonem_UQc?feature=oembed\" frameborder=\"0\" allow=\"accelerometer; autoplay; clipboard-write; encrypted-media; gyroscope; picture-in-picture; web-share\" referrerpolicy=\"strict-origin-when-cross-origin\" allowfullscreen><\/iframe><\/div><\/div>\n<h3>Si vous avez un moment je voudrais vous partager le message de No\u00ebl.<\/h3>\n<blockquote><p>Nous allons tous mourir et c&rsquo;est l\u00e0 notre sort car Dieu Lui-m\u00eame nous a condamn\u00e9s \u00e0 mort pour avoir enfreint Sa Loi, les Commandements. Regardons-en quelques uns pour voir si nous avons effectivement p\u00e9ch\u00e9 contre Lui.<\/p>\n<p>Avez-vous d\u00e9j\u00e0 menti, m\u00eame une seule fois, vol\u00e9 quoi que ce soit peu importe la valeur de l&rsquo;objet? Avez-vous utilis\u00e9 le Nom de Dieu en vain? Si vous avez d\u00e9j\u00e0 convoit\u00e9 quelqu&rsquo;un sexuellement, J\u00e9sus a dit que vous avez commis l&rsquo;adult\u00e8re dans votre coeur.<\/p>\n<p>Au Jour du Jugement Dieu nous rendra tous responsables pour nos p\u00e9ch\u00e9s. Tous ceux qui auront enfreint La Loi de Dieu m\u00e9riteront d&rsquo;\u00eatre punis L&rsquo;\u00e9ternit\u00e9 en Enfer.<\/p>\n<p>Mais Dieu vous aime et veut vous sauver. Il a envoy\u00e9 Son Fils J\u00e9sus vivre une vie parfaite puis mourir sur la croix \u00e0 votre place.<\/p>\n<p>Il fut puni afin que vous puissiez vivre. Puis Il est sorti du tombeau en vainquant la mort.<\/p>\n<p>La Bible dit qu&rsquo;au Paradis nous vivrons pour toujours. Qu&rsquo;il n&rsquo;y aura plus ni mort ni maladie ni souffrance.<\/p>\n<p>SVP faites ce que la Bible dit: Repentez-vous et placez votre confiance en J\u00e9sus seul afin que lorsque le Royaume de Dieu est \u00e9tabli sur cette terre vous ferez partie de ce Royaume!<\/p>\n<p>Allez maintenant \u00e0 \u00ab\u00a0<span style=\"color: #0000ff;\"><a style=\"color: #0000ff;\" href=\"https:\/\/dikayo.com\/fr\/epargnez-vous-quelques-douleurs-de-croissance\/\">Epargnez-vous Quelques Douleurs de Croissance.<\/a><\/span>\u00a0\u00bb<\/p>\n<p>Cela sera d&rsquo;une grande aide.<\/p><\/blockquote>\n<h3>\u00ab\u00a0Joyeux No\u00ebl !\u00a0\u00bb<\/h3>\n<p><img loading=\"lazy\" decoding=\"async\" class=\"alignnone\" src=\"http:\/\/i0.wp.com\/dikayo.com\/wp-content\/uploads\/2014\/10\/Noel.jpg\" alt=\"\" width=\"1276\" height=\"718\" \/><\/p>\n","protected":false},"excerpt":{"rendered":"<p>Si vous avez un moment je voudrais vous partager le message de No\u00ebl. Nous allons tous mourir et c&rsquo;est l\u00e0 notre sort car Dieu Lui-m\u00eame nous a condamn\u00e9s \u00e0 mort pour avoir enfreint Sa Loi, les Commandements. Regardons-en quelques uns pour voir si nous avons effectivement p\u00e9ch\u00e9 contre Lui. Avez-vous d\u00e9j\u00e0 menti, m\u00eame une seule [&hellip;]<\/p>\n","protected":false},"author":1,"featured_media":0,"parent":0,"menu_order":0,"comment_status":"closed","ping_status":"open","template":"","meta":{"footnotes":""},"class_list":["post-844","page","type-page","status-publish","hentry"],"_links":{"self":[{"href":"https:\/\/dikayo.com\/fr\/wp-json\/wp\/v2\/pages\/844","targetHints":{"allow":["GET"]}}],"collection":[{"href":"https:\/\/dikayo.com\/fr\/wp-json\/wp\/v2\/pages"}],"about":[{"href":"https:\/\/dikayo.com\/fr\/wp-json\/wp\/v2\/types\/page"}],"author":[{"embeddable":true,"href":"https:\/\/dikayo.com\/fr\/wp-json\/wp\/v2\/users\/1"}],"replies":[{"embeddable":true,"href":"https:\/\/dikayo.com\/fr\/wp-json\/wp\/v2\/comments?post=844"}],"version-history":[{"count":17,"href":"https:\/\/dikayo.com\/fr\/wp-json\/wp\/v2\/pages\/844\/revisions"}],"predecessor-version":[{"id":2743,"href":"https:\/\/dikayo.com\/fr\/wp-json\/wp\/v2\/pages\/844\/revisions\/2743"}],"wp:attachment":[{"href":"https:\/\/dikayo.com\/fr\/wp-json\/wp\/v2\/media?parent=844"}],"curies":[{"name":"wp","href":"https:\/\/api.w.org\/{rel}","templated":true}]}}