{"id":934,"date":"2014-11-13T22:31:33","date_gmt":"2014-11-13T21:31:33","guid":{"rendered":"http:\/\/www.godaddy.dikayo.com\/?page_id=934"},"modified":"2014-11-13T22:31:33","modified_gmt":"2014-11-13T21:31:33","slug":"epargnez-vous-quelques-douleurs-de-croissance","status":"publish","type":"page","link":"https:\/\/dikayo.com\/fr\/epargnez-vous-quelques-douleurs-de-croissance\/","title":{"rendered":"Epargnez-vous Quelques Douleurs de Croissance"},"content":{"rendered":"<h3>Devenir Chr\u00e9tien est l&rsquo;\u00e9v\u00e8nement le plus incroyable qui puisse vous arriver.\u00a0 Vous avez trouv\u00e9 la paix avec votre Cr\u00e9ateur.<\/h3>\n<blockquote>\n<h4>Vous venez de trouver la Vie Eternelle! Soyez assur\u00e9 \u2013 Dieu ne vous laissera\u00a0 ni ne vous abandonnera, jamais. Il vous a conduit jusque l\u00e0 et Il ach\u00e8vera le travail magnifique qu&rsquo;Il a commenc\u00e9 en vous. Dieu connait chacune de vos pens\u00e9es, chacun de vos soucis et ce qui vous concerne profond\u00e9ment.<\/h4>\n<\/blockquote>\n<p>Regardons maintenant \u00e0 certaines de ces pr\u00e9occupations possibles. Tout d&rsquo;abord, et cela rel\u00e8ve de la plus haute importance \u2013 avez-vous la certitude de votre salut? La Bible nous encourage \u201csoyez s\u00fbrs de votre appel et de votre \u00e9lection\u201d (2 Pierre 1:10) alors si nous examinions cette liste courte pour nous assurer que vous \u00eates vraiment sauv\u00e9:<\/p>\n<ol>\n<li>R\u00e9alisez-vous que Dieu s&rsquo;est fait chair en la personne de J\u00e9sus Christ (Jean 1-14) et qu&rsquo;Il est mort pour les p\u00e9ch\u00e9s du monde?<\/li>\n<li>Etes-vous venu au Sauveur parce que vous avez p\u00e9ch\u00e9?<\/li>\n<li>Vous \u00eates-vous \u201crepenti\u201d et avez-vous plac\u00e9 votre foi en J\u00e9sus?<\/li>\n<li>Etes-vous convaincu qu&rsquo;Il a souffert et est mort sur la croix puis est ressuscit\u00e9 des morts trois jours plus tard?<\/li>\n<\/ol>\n<p>Dieu nous acquitt\u00e9 du tribunal de la justice \u00e9ternelle sur le fait que J\u00e9sus a pay\u00e9 notre caution. Nous sommes \u201cjustifi\u00e9s\u201d, (mis en r\u00e8gle avec Dieu) gr\u00e2ce \u00e0 Sa mort de souffrance. La r\u00e9surrection de J\u00e9sus Christ \u00e9tant le sceau d&rsquo;approbation que Son sang pr\u00e9cieux vers\u00e9 \u00e9tait suffisant pour payer la caution requise.<\/p>\n<p>Consid\u00e9rons cette illustration: Vous avez enfreint la loi et faites face \u00e0 une amende de 50 000 Euros. Vous d\u00e9clarez au juge que vous \u00eates compl\u00e8tement navr\u00e9 de vos crimes mais il r\u00e9pond: \u201cVous devriez l&rsquo;\u00eatre \u2013 vous avez enfreint la loi! Maintenant pouvez-vous payer votre amende?\u201d Il ne peut vous acquitter que si la caution est pay\u00e9e. Et si quelqu&rsquo;un d&rsquo;autre paye votre caution, alors il peut vous laisser aller; il doit avoir une raison l\u00e9gale pour vous rel\u00e2cher.<\/p>\n<p>La raison pour laquelle nous avons besoin d&rsquo;un substitut (un Sauveur) pour payer notre caution morale c&rsquo;est parce que nous avons enfreint la Loi de Dieu. Pour avoir une id\u00e9e de nos transgressions de cette Loi (les Dix Commandements), nous allons passer quelques Commandements en revue: &#8212; Avez-vous d\u00e9j\u00e0 menti? D\u00e9j\u00e0 vol\u00e9 quoique ce soit? Eu de la convoitise sexuelle pour une personne autre que votre \u00e9poux-se? Si vous avez r\u00e9pondu \u201coui\u201d \u00e0 ces questions vous admettez \u00eatre un menteur, un voleur et un adult\u00e8re de coeur et il vous faudra faire face \u00e0 Dieu au Jour du Jugement! Si vous avez utilis\u00e9 Son Nom en vain, vous \u00eates coupable de blasph\u00e8me: Vous avez utilis\u00e9 Son saint Nom comme juron. Peut-\u00eatre vous avez d\u00e9test\u00e9 quelqu&rsquo;un. Alors, la Bible dit que vous \u00eates un meurtrier. Vous avez enfreint la Loi de Dieu et vous vous retrouvez dans un sacr\u00e9 p\u00e9trin. Au Jour du Jugement vous serez coupable et finirez en Enfer. C&rsquo;est pour cela que vous avez besoin d&rsquo;un Sauveur. Dire \u00e0 Dieu que vous \u00eates d\u00e9sol\u00e9 ou\u00a0 confesser seulement vos p\u00e9ch\u00e9s \u00e0 Dieu ne vous aidera pas. Vous devez vous d\u00e9tourner de vos p\u00e9ch\u00e9s et placer votre confiance totale en J\u00e9sus seul. Il est la seule raison pour laquelle Dieu peut vous accorder Sa mis\u00e9ricorde.<\/p>\n<p>Si vous n&rsquo;\u00eates pas s\u00fbr de votre salut, faites du Psaume 51 votre pri\u00e8re personnelle.<\/p>\n<p>Voyons maintenant d&rsquo;autres principes importants qui vous \u00e9pargneront beaucoup de douleurs:<\/p>\n<div id=\"attachment_890\" style=\"width: 640px\" class=\"wp-caption aligncenter\"><img loading=\"lazy\" decoding=\"async\" aria-describedby=\"caption-attachment-890\" class=\"wp-image-890 size-large\" src=\"http:\/\/www.godaddy.dikayo.com\/wp-content\/uploads\/2014\/11\/Pain-1024x576.jpg\" alt=\"Photo: catalin82 Freeimages.com\" width=\"630\" height=\"354\" srcset=\"https:\/\/dikayo.com\/wp-content\/uploads\/2014\/11\/Pain-1024x576.jpg 1024w, https:\/\/dikayo.com\/wp-content\/uploads\/2014\/11\/Pain-300x168.jpg 300w\" sizes=\"auto, (max-width: 630px) 100vw, 630px\" \/><p id=\"caption-attachment-890\" class=\"wp-caption-text\">Photo: catalin82 Freeimages.com<\/p><\/div>\n<p><span style=\"color: #444444;\"><div class='pfpItem entry-content'><h2 class='entry-title'><a href='https:\/\/dikayo.com\/fr\/se-nourrir-de-la-parole\/'>Se nourrir de la Parole<\/a><\/h2><img decoding=\"async\" src=\"https:\/\/dikayo.com\/wp-content\/uploads\/2014\/11\/1097377_45607165-150x150.jpg\" \/>1.\u00a0Se nourrir de la Parole \u2013 Nourriture QUOTIDIENNE Un nourrisson en bonne sant\u00e9 a un bon app\u00e9tit. Si vous \u00eates r\u00e9ellement \u201cn\u00e9\u201d de l&rsquo;Esprit de Dieu, vous poss\u00e9dez un bon app\u00e9tit. La Bible dit: \u201cComme des enfants nouveau-n\u00e9s, d\u00e9sirez le lait spirituel et pur de la Parole, afin que vous croissiez par Lui\u201d (1 Pierre [&hellip;]<a href='https:\/\/dikayo.com\/fr\/se-nourrir-de-la-parole\/' class='pfpReadMore'> <strong>En savoir plus<\/strong><\/span><strong> \u00bb\u00bb<\/strong><\/a><div class='clear'><\/div><hr><\/div><div class='pfpItem entry-content'><h2 class='entry-title'><a href='https:\/\/dikayo.com\/fr\/la-foi\/'>La Foi<\/a><\/h2><img decoding=\"async\" src=\"https:\/\/dikayo.com\/wp-content\/uploads\/2014\/11\/832552_93863851-150x150.jpg\" \/>2.\u00a0La Foi &#8211;\u00a0Il ne vous laissera jamais, jamais tomber. Un jour, un jeune homme me regarda et me dit : \u201cIl y a certaines choses dans la Bible auxquelles j&rsquo;ai du mal \u00e0 croire.\u201d Je lui fis un sourire et lui demandai: \u201cQuel est votre nom?\u201d Lorsqu&rsquo;il dit: \u201cPaul\u201d je lui r\u00e9pondis tranquillement, \u201cJe ne [&hellip;]<a href='https:\/\/dikayo.com\/fr\/la-foi\/' class='pfpReadMore'> <strong>En savoir plus<\/strong><\/span><strong> \u00bb\u00bb<\/strong><\/a><div class='clear'><\/div><hr><\/div><div class='pfpItem entry-content'><h2 class='entry-title'><a href='https:\/\/dikayo.com\/fr\/levangelisation\/'>L'\u00e9vang\u00e9lisation<\/a><\/h2><img decoding=\"async\" src=\"https:\/\/dikayo.com\/wp-content\/uploads\/2014\/11\/1004073_64309702-150x150.jpg\" \/>3.\u00a0L&rsquo;\u00e9vang\u00e9lisation \u2013 Une T\u00e2che de la Plus Haute Importance C&rsquo;\u00e9tait \u00e0 la fin D\u00e9cembre 1996. Une grande famille \u00e9tait r\u00e9unie pour l&rsquo;heureuse occasion d&rsquo;envelopper les cadeaux de No\u00ebl. C&rsquo;\u00e9tait une grande famille parce qu&rsquo;elle \u00e9tait le r\u00e9sultat de deux marriages.\u00a0 Il y avait tant de monde r\u00e9uni ce soir-l\u00e0 que cinq des enfants dormirent dans [&hellip;]<a href='https:\/\/dikayo.com\/fr\/levangelisation\/' class='pfpReadMore'> <strong>En savoir plus<\/strong><\/span><strong> \u00bb\u00bb<\/strong><\/a><div class='clear'><\/div><hr><\/div><div class='pfpItem entry-content'><h2 class='entry-title'><a href='https:\/\/dikayo.com\/fr\/953\/'> La Pri\u00e8re<\/a><\/h2><img decoding=\"async\" src=\"https:\/\/dikayo.com\/wp-content\/uploads\/2014\/11\/1335772_80069012-150x150.jpg\" \/>4.\u00a0La Pri\u00e8re\u00a0 &#8212; \u201cAttends une minute.\u201d Il est dit, et avec raison, que Dieu r\u00e9pond toujours \u00e0 la pri\u00e8re. Parfois Il dit \u201coui\u201d, parfois Il dit \u201cnon\u201d et parfois il dit \u201cAttend une minute\u201d et un jour pour le Seigneur est comme mille ann\u00e9es pour nous (2 Pierre 3:8). Dix ans d&rsquo;attente pour nous sont [&hellip;]<a href='https:\/\/dikayo.com\/fr\/953\/' class='pfpReadMore'> <strong>En savoir plus<\/strong><\/span><strong> \u00bb\u00bb<\/strong><\/a><div class='clear'><\/div><hr><\/div><div class='pfpItem entry-content'><h2 class='entry-title'><a href='https:\/\/dikayo.com\/fr\/le-combat-spirituel\/'>Le Combat Spirituel<\/a><\/h2><img decoding=\"async\" src=\"https:\/\/dikayo.com\/wp-content\/uploads\/2014\/11\/658746_56852451-150x150.jpg\" \/>5.\u00a0Le Combat Spirituel \u2013 Lou\u00e9 soit Dieu et passe les ammunitions! Quand vous \u00eates devenu Chr\u00e9tien vous vous \u00eates avanc\u00e9 au plus fort d&rsquo;une bataille de longue date. Vous avez un ennemi \u00e0 trois faces: Le monde, la chair et le diable. Avant de devenir Chr\u00e9tien vous flottiez avec le courant plein d&rsquo;autres poissons morts. [&hellip;]<a href='https:\/\/dikayo.com\/fr\/le-combat-spirituel\/' class='pfpReadMore'> <strong>En savoir plus<\/strong><\/span><strong> \u00bb\u00bb<\/strong><\/a><div class='clear'><\/div><hr><\/div><div class='pfpItem entry-content'><h2 class='entry-title'><a href='https:\/\/dikayo.com\/fr\/la-communion-fraternelle\/'>La Communion Fraternelle<\/a><\/h2><img decoding=\"async\" src=\"https:\/\/dikayo.com\/wp-content\/uploads\/2014\/11\/659006_20706288-150x150.jpg\" \/>6.\u00a0La Communion Fraternelle \u2013 Faire le Papillon Priez pour savoir o\u00f9 vous devriez vous retrouver avec d&rsquo;autres Chr\u00e9tiens.\u00a0 Soyez s\u00fbrs que l&rsquo;endroit o\u00f9 vous allez appelle le p\u00e9ch\u00e9 \u2013 p\u00e9ch\u00e9. Croient-ils dans les promesses de Dieu? Sont-ils pleins d&rsquo;amour? Est-ce que le pasteur traite sa femme avec respect? Est-il un homme de la Parole de [&hellip;]<a href='https:\/\/dikayo.com\/fr\/la-communion-fraternelle\/' class='pfpReadMore'> <strong>En savoir plus<\/strong><\/span><strong> \u00bb\u00bb<\/strong><\/a><div class='clear'><\/div><hr><\/div><div class='pfpItem entry-content'><h2 class='entry-title'><a href='https:\/\/dikayo.com\/fr\/etre-reconnaissant\/'>Etre Reconnaissant<\/a><\/h2><img decoding=\"async\" src=\"https:\/\/dikayo.com\/wp-content\/uploads\/2014\/11\/1441782_21171245-150x150.jpg\" \/>7.\u00a0Etre Reconnaissant \u2013 Le Bon Choix Chaque jour, pour le Chr\u00e9tien devrait \u00eatre un jour de reconnaissance. Nous devrions m\u00eame \u00eatre reconnaissants au sein des probl\u00e8mes. L&rsquo;Ap\u00f4tre Paul disait: \u201cJe suis combl\u00e9 de joie au milieu de toutes nos tribulations\u201d (2 Corinthiens 7:4). Il savait que Dieu travaillait \u00e0 ce que tout concoure \u00e0 son [&hellip;]<a href='https:\/\/dikayo.com\/fr\/etre-reconnaissant\/' class='pfpReadMore'> <strong>En savoir plus<\/strong><\/span><strong> \u00bb\u00bb<\/strong><\/a><div class='clear'><\/div><hr><\/div><div class='pfpItem entry-content'><h2 class='entry-title'><a href='https:\/\/dikayo.com\/fr\/le-bapteme-deau\/'>Le Bapt\u00eame d'Eau <\/a><\/h2><img decoding=\"async\" src=\"https:\/\/dikayo.com\/wp-content\/uploads\/2014\/11\/745148_55284476-150x150.jpg\" \/>8.\u00a0Le Bapt\u00eame d&rsquo;Eau &#8211;\u00a0Aperg\u00e9 ou Immerg\u00e9? La Bible dit. \u201cRepentez-vous et soyez baptis\u00e9s, chacun d&rsquo;entre vous, au Nom de J\u00e9sus Christ pour le pardon de vos p\u00e9ch\u00e9s.\u201d (Actes 2:38). Se faire baptiser ou non ne devrait donc pas \u00eatre un dilemne. Les questions devraient \u00eatre plut\u00f4t: Comment, quand et par qui? Il parait clair dans [&hellip;]<a href='https:\/\/dikayo.com\/fr\/le-bapteme-deau\/' class='pfpReadMore'> <strong>En savoir plus<\/strong><\/span><strong> \u00bb\u00bb<\/strong><\/a><div class='clear'><\/div><hr><\/div><div class='pfpItem entry-content'><h2 class='entry-title'><a href='https:\/\/dikayo.com\/fr\/donner-a-dieu\/'>Donner \u00e0 Dieu<\/a><\/h2><img decoding=\"async\" src=\"https:\/\/dikayo.com\/wp-content\/uploads\/2014\/11\/968880_88282592-150x150.jpg\" \/>9.\u00a0Donner \u00e0 Dieu Il a \u00e9t\u00e9 dit que le porte-feuille est la\u00a0 \u201cderni\u00e8re fronti\u00e8re\u201d &#8212; la derni\u00e8re chose que l&rsquo;on soumet \u00e0 Dieu. Mais cela devrait \u00eatre la premi\u00e8re, ainsi que notre coeur.\u00a0 J\u00e9sus a beaucoup parl\u00e9 de l&rsquo;argent. Il nous a dit que nous ne pouvons pas servir Dieu et Mammon (voir Matthieu 6:24). [&hellip;]<a href='https:\/\/dikayo.com\/fr\/donner-a-dieu\/' class='pfpReadMore'> <strong>En savoir plus<\/strong><\/span><strong> \u00bb\u00bb<\/strong><\/a><div class='clear'><\/div><hr><\/div><div class='pfpItem entry-content'><h2 class='entry-title'><a href='https:\/\/dikayo.com\/fr\/depannage\/'>D\u00e9pannage <\/a><\/h2><img decoding=\"async\" src=\"https:\/\/dikayo.com\/wp-content\/uploads\/2014\/11\/1279316_26064050-150x150.jpg\" \/>10.\u00a0Comment approcher les sectes, les ath\u00e9es, les Sceptiques Si vous connaissez le Seigneur, rien n&rsquo;\u00e9branlera votre foi. Il est vrai qu&rsquo;un homme d&rsquo;exp\u00e9rience n&rsquo;est pas \u00e0 la merci d&rsquo;un homme avec un argument. Prenez par exemple un petit gar\u00e7on qui scrute un radiateur. Son p\u00e8re l&rsquo;avertit qu&rsquo;il est tr\u00e8s chaud. L&rsquo;enfant dit: \u201cBon, je crois [&hellip;]<a href='https:\/\/dikayo.com\/fr\/depannage\/' class='pfpReadMore'> <strong>En savoir plus<\/strong><\/span><strong> \u00bb\u00bb<\/strong><\/a><div class='clear'><\/div><hr><\/div><\/p>\n<p style=\"text-align: right;\"><strong>[Source: <a href=\"http:\/\/www.LivingWaters.com\" target=\"_blank\">LivingWaters.com<\/a>]<\/strong><\/p>\n","protected":false},"excerpt":{"rendered":"<p>Devenir Chr\u00e9tien est l&rsquo;\u00e9v\u00e8nement le plus incroyable qui puisse vous arriver.\u00a0 Vous avez trouv\u00e9 la paix avec votre Cr\u00e9ateur. Vous venez de trouver la Vie Eternelle! Soyez assur\u00e9 \u2013 Dieu ne vous laissera\u00a0 ni ne vous abandonnera, jamais. Il vous a conduit jusque l\u00e0 et Il ach\u00e8vera le travail magnifique qu&rsquo;Il a commenc\u00e9 en vous. [&hellip;]<\/p>\n","protected":false},"author":1,"featured_media":0,"parent":0,"menu_order":0,"comment_status":"open","ping_status":"open","template":"","meta":{"footnotes":""},"class_list":["post-934","page","type-page","status-publish","hentry"],"_links":{"self":[{"href":"https:\/\/dikayo.com\/fr\/wp-json\/wp\/v2\/pages\/934","targetHints":{"allow":["GET"]}}],"collection":[{"href":"https:\/\/dikayo.com\/fr\/wp-json\/wp\/v2\/pages"}],"about":[{"href":"https:\/\/dikayo.com\/fr\/wp-json\/wp\/v2\/types\/page"}],"author":[{"embeddable":true,"href":"https:\/\/dikayo.com\/fr\/wp-json\/wp\/v2\/users\/1"}],"replies":[{"embeddable":true,"href":"https:\/\/dikayo.com\/fr\/wp-json\/wp\/v2\/comments?post=934"}],"version-history":[{"count":1,"href":"https:\/\/dikayo.com\/fr\/wp-json\/wp\/v2\/pages\/934\/revisions"}],"predecessor-version":[{"id":935,"href":"https:\/\/dikayo.com\/fr\/wp-json\/wp\/v2\/pages\/934\/revisions\/935"}],"wp:attachment":[{"href":"https:\/\/dikayo.com\/fr\/wp-json\/wp\/v2\/media?parent=934"}],"curies":[{"name":"wp","href":"https:\/\/api.w.org\/{rel}","templated":true}]}}