{"id":868,"date":"2014-11-11T16:21:56","date_gmt":"2014-11-11T15:21:56","guid":{"rendered":"http:\/\/www.godaddy.dikayo.com\/?page_id=868"},"modified":"2020-12-04T12:47:07","modified_gmt":"2020-12-04T11:47:07","slug":"natale","status":"publish","type":"page","link":"https:\/\/dikayo.com\/it\/natale\/","title":{"rendered":"Natale"},"content":{"rendered":"<div class=\"resp-video-center\" style=\"width: 100%;\"><div class=\"resp-video-wrapper size-16-9\"><iframe title=\"Natale\" src=\"https:\/\/www.youtube.com\/embed\/ZQ7Ss50eAyg?feature=oembed\" frameborder=\"0\" allow=\"accelerometer; autoplay; clipboard-write; encrypted-media; gyroscope; picture-in-picture; web-share\" referrerpolicy=\"strict-origin-when-cross-origin\" allowfullscreen><\/iframe><\/div><\/div>\n<h3>Se avete un momento vorrei condividere con voi il messaggio di Natale:<\/h3>\n<blockquote><p>Moriremo tutti e questo \u00e9 il nostro destino poich\u00e9 Dio stesso ci ha condannato a morte per aver infranto la Sua legge, I 10 Comandamenti. Guardiamone qualcuno per vedere se in effetti abbiamo peccato contro di Lui.<\/p>\n<p>Avete gi\u00e0 mentito, anche una sola volta, rubato qualsiasi cosa poco importa il valore dell\u2019oggetto\u00a0? Avete usato il nome di Dio invano\u00a0? &#8220;@*#@*!!!&#8221; Se avete gi\u00e0 desiderato sessualmente qualcuno, Ges\u00f9 ha detto che avete commesso adulterio nel vostro cuore.<\/p>\n<p>Nel Giorno del Giudizio Dio ci render\u00e0 tutti responsabili dei nostri peccati. Tutti quelli che avranno infranto La Legge di Dio saranno puniti all\u2019inferno per l\u2019eternit\u00e0.<\/p>\n<p>Ma Dio vi ama e vuole salvarvi. Ha inviato Suo Figlio Ges\u00f9 a vivere una vita perfetta per poi morire sulla croce al vostro posto. F\u00f9 punito affinch\u00e9 voi possiate vivere. Dopo \u00e9 uscito dal sarcofago vincendo la morte.<\/p>\n<p>La Bibbia dice che al Paradiso noi vivremo per sempre. Che non ci sar\u00e0 piu\u2019 morte ne malattia, n\u00e9 sofferenza.<\/p>\n<p>La persona che vi ha inviato questa E-carta si preoccupa per voi e vuole essere sicura che anche voi andiate in paradiso.<\/p>\n<p>Per Favore fate quello che dice la Bibbia\u00a0: Pentitevi e riponete la vostra fiducia soltanto in Ges\u00f9 affinch\u00e9 quando il regno di Dio sar\u00e0 stabilito su questa terra voi farete parte di questo Regno\u00a0!<\/p>\n<p>Andate adesso su &#8221; LivingWaters.com&#8221; e cliccate su &#8220;Save yourself some pain&#8221;<\/p>\n<p>Questo vi sar\u00e0 di grande aiuto.<\/p><\/blockquote>\n<h3>&#8220;Buon Natale!&#8221;<\/h3>\n<p><img loading=\"lazy\" decoding=\"async\" class=\"aligncenter size-medium wp-image-1118\" src=\"http:\/\/www.dikayo.com\/wp-content\/uploads\/2014\/11\/Natale-300x168.jpg\" alt=\"\" width=\"300\" height=\"168\" srcset=\"https:\/\/dikayo.com\/wp-content\/uploads\/2014\/11\/Natale-300x168.jpg 300w, https:\/\/dikayo.com\/wp-content\/uploads\/2014\/11\/Natale-1024x576.jpg 1024w, https:\/\/dikayo.com\/wp-content\/uploads\/2014\/11\/Natale.jpg 1277w\" sizes=\"auto, (max-width: 300px) 100vw, 300px\" \/><\/p>\n","protected":false},"excerpt":{"rendered":"<p>Se avete un momento vorrei condividere con voi il messaggio di Natale: Moriremo tutti e questo \u00e9 il nostro destino poich\u00e9 Dio stesso ci ha condannato a morte per aver infranto la Sua legge, I 10 Comandamenti. Guardiamone qualcuno per vedere se in effetti abbiamo peccato contro di Lui. Avete gi\u00e0 mentito, anche una sola [&hellip;]<\/p>\n","protected":false},"author":1,"featured_media":0,"parent":0,"menu_order":0,"comment_status":"closed","ping_status":"open","template":"","meta":{"footnotes":""},"class_list":["post-868","page","type-page","status-publish","hentry"],"_links":{"self":[{"href":"https:\/\/dikayo.com\/it\/wp-json\/wp\/v2\/pages\/868","targetHints":{"allow":["GET"]}}],"collection":[{"href":"https:\/\/dikayo.com\/it\/wp-json\/wp\/v2\/pages"}],"about":[{"href":"https:\/\/dikayo.com\/it\/wp-json\/wp\/v2\/types\/page"}],"author":[{"embeddable":true,"href":"https:\/\/dikayo.com\/it\/wp-json\/wp\/v2\/users\/1"}],"replies":[{"embeddable":true,"href":"https:\/\/dikayo.com\/it\/wp-json\/wp\/v2\/comments?post=868"}],"version-history":[{"count":6,"href":"https:\/\/dikayo.com\/it\/wp-json\/wp\/v2\/pages\/868\/revisions"}],"predecessor-version":[{"id":1917,"href":"https:\/\/dikayo.com\/it\/wp-json\/wp\/v2\/pages\/868\/revisions\/1917"}],"wp:attachment":[{"href":"https:\/\/dikayo.com\/it\/wp-json\/wp\/v2\/media?parent=868"}],"curies":[{"name":"wp","href":"https:\/\/api.w.org\/{rel}","templated":true}]}}