{"id":972,"date":"2014-11-18T00:13:03","date_gmt":"2014-11-17T23:13:03","guid":{"rendered":"http:\/\/www.godaddy.dikayo.com\/?page_id=972"},"modified":"2014-11-18T00:14:01","modified_gmt":"2014-11-17T23:14:01","slug":"cosa-meriti","status":"publish","type":"page","link":"https:\/\/dikayo.com\/it\/cosa-meriti\/","title":{"rendered":"Cosa meriti ?"},"content":{"rendered":"<h2>Sono un criminale e merito l\u2019inferno.<\/h2>\n<p>Ho trasgredito la legge di Dio. Ho mentito tante volte nella mia vita, ho anche rubato, anche se sono delle piccole cose; le ho fatte. Ho anche usato il nome di Dio invano. Mi ha dato la vita e tutto quello che mi \u00e9 caro, ma ho preso il suo nome e l\u2019ho usato come una maledizione. Ho guardato anche delle donne con desiderio e Ges\u00f9 ha detto, che questo \u00e9 considerato come adulterio nel mio cuore.<\/p>\n<p>Infine, ho anche detestato alcune persone e Ges\u00f9 considera l\u2019odio come un omicidio.<\/p>\n<p>Sono solo 5 dei 10 comandamenti, ma comunque sia ho disobbedito a tutto!<\/p>\n<p>Dio ha preparato un posto chiamato l\u2019inferno per la mia punizione. Sono colpevole e senza alcuna possibilit\u00e0 davanti al Giudice. Se dico che mi dispiace, dir\u00e0 che devo dispiacermi perch\u00e9 quello che ho fatto non\u2019\u00e9 buono. Se dico che non lo faro\u2019 pi\u00f9, mi dir\u00e0 che devo smetterla ma non potr\u00e0 mai togliermi la punizione meritata.<\/p>\n<p>Io sono un peccatore e vado all\u2019Inferno.<\/p>\n<blockquote><p>Ma Dio mi ama cosi\u2019 tanto, che ha preparato una soluzione per evitarmi l\u2019Inferno. Ha inviato il suo Figlio Ges\u00f9, per soffrire e morire sulla croce come riscatto per il mio peccato! Ges\u00f9 ha preso la punizione che meritavo affinch\u00e9 il Giudice possa liberarmi: Ho infranto la Legge di Dio, ma Ges\u00f9 ha pagato il mio debito! Adesso il mio caso puo\u2019 essere legalmente classificato a causa del sacrificio di Ges\u00f9 che mi giustifica davanti Dio.<\/p><\/blockquote>\n<p>Dio mi d\u00e0 il dono gratuito della giustificazione e della vita eterna, ma ho bisogno di pentirmi dei miei peccati, di lasciarli stare e di confidare solo in Ges\u00f9 come il solo capace di giustificarmi davanti il Padre.<\/p>\n<p>Sono un peccatore e dovevo andare all\u2019Inferno, ma Ges\u00f9 ha sofferto ed \u00e9 morto per me per pagare il mio debito con il suo proprio sangue.<\/p>\n<p>Sono un criminale- ma sono stato giustificato.<\/p>\n<p>E voi\u00a0?<\/p>\n<p>&nbsp;<\/p>\n<p>&nbsp;<\/p>\n","protected":false},"excerpt":{"rendered":"<p>Sono un criminale e merito l\u2019inferno. Ho trasgredito la legge di Dio. Ho mentito tante volte nella mia vita, ho anche rubato, anche se sono delle piccole cose; le ho fatte. Ho anche usato il nome di Dio invano. Mi ha dato la vita e tutto quello che mi \u00e9 caro, ma ho preso il [&hellip;]<\/p>\n","protected":false},"author":1,"featured_media":0,"parent":0,"menu_order":0,"comment_status":"closed","ping_status":"closed","template":"","meta":{"footnotes":""},"class_list":["post-972","page","type-page","status-publish","hentry"],"_links":{"self":[{"href":"https:\/\/dikayo.com\/it\/wp-json\/wp\/v2\/pages\/972","targetHints":{"allow":["GET"]}}],"collection":[{"href":"https:\/\/dikayo.com\/it\/wp-json\/wp\/v2\/pages"}],"about":[{"href":"https:\/\/dikayo.com\/it\/wp-json\/wp\/v2\/types\/page"}],"author":[{"embeddable":true,"href":"https:\/\/dikayo.com\/it\/wp-json\/wp\/v2\/users\/1"}],"replies":[{"embeddable":true,"href":"https:\/\/dikayo.com\/it\/wp-json\/wp\/v2\/comments?post=972"}],"version-history":[{"count":3,"href":"https:\/\/dikayo.com\/it\/wp-json\/wp\/v2\/pages\/972\/revisions"}],"predecessor-version":[{"id":975,"href":"https:\/\/dikayo.com\/it\/wp-json\/wp\/v2\/pages\/972\/revisions\/975"}],"wp:attachment":[{"href":"https:\/\/dikayo.com\/it\/wp-json\/wp\/v2\/media?parent=972"}],"curies":[{"name":"wp","href":"https:\/\/api.w.org\/{rel}","templated":true}]}}