{"id":990,"date":"2014-11-18T00:30:22","date_gmt":"2014-11-17T23:30:22","guid":{"rendered":"http:\/\/www.godaddy.dikayo.com\/?page_id=990"},"modified":"2018-08-13T09:46:13","modified_gmt":"2018-08-13T07:46:13","slug":"1milione","status":"publish","type":"page","link":"https:\/\/dikayo.com\/it\/1milione\/","title":{"rendered":"La domanda da 1 milione di euro"},"content":{"rendered":"<h2>Andrete in cielo ?<\/h2>\n<blockquote><p>Ecco un test rapido. \u00a0Avete gi\u00e0 mentito, rubato qualcosa o usato il nome di Dio invano?<\/p>\n<p>Gesu\u2019 ha detto:\u201d Che chiunque guarda una donna per desiderarla, ha gi\u00e0 commesso adulterio con lei nel suo cuore\u201d. Avete gi\u00e0 guardato qualcuno con concupiscenza per desiderarlo (la)? .<\/p>\n<p>Sarete colpevoli nel giorno del Giudizio? Se avete fatto queste cose, Dio vi vede come un bugiardo, un ladro, un blasfematore e un adultero nel cuore. La Bibbia dice che voi siete colpevoli, che finirete all\u2019 Inferno. Allo stesso modo come un criminale v\u00e0 in prigione, il peccatore va\u2019 all\u2019Inferno.<\/p>\n<p>Ma Dio, che \u00e9 ricco in misericordia, ha inviato suo Figlio per soffrire e morire sulla croce per i colpevoli. G\u00e9s\u00f9 ha preso la vostra punizione al vostro posto. Avete trasgredito la Legge di Dio (i 10 comandamenti) ma Ges\u00f9 ha saldato il vostro debito. Dopo, \u00e9 resuscitato e ha conquistato la morte. \u00ab\u00a0Dio ha tanto amato il mondo che ha dato il suo unigenito Figlio affinch\u00e9 chiunque creda in lui non perisca ma abbia vita eterna\u00a0\u00bb<\/p>\n<p>Per favore, pentitevi ( rinunciate ai vostri peccati) oggi, mettete la vostra fiducia in G\u00e9s\u00f9 e Dio vi dar\u00e0 la vita eterna. Leggete la vostra Bibbia e mettetela in pratica.<\/p>\n<p>&nbsp;<\/p><\/blockquote>\n<p><img loading=\"lazy\" decoding=\"async\" class=\"aligncenter wp-image-319 size-medium\" src=\"http:\/\/www.dikayo.com\/wp-content\/uploads\/2014\/06\/IMG_9756-300x300.jpg\" alt=\"Million\" width=\"300\" height=\"300\" srcset=\"https:\/\/dikayo.com\/wp-content\/uploads\/2014\/06\/IMG_9756-300x300.jpg 300w, https:\/\/dikayo.com\/wp-content\/uploads\/2014\/06\/IMG_9756-150x150.jpg 150w, https:\/\/dikayo.com\/wp-content\/uploads\/2014\/06\/IMG_9756-1024x1024.jpg 1024w, https:\/\/dikayo.com\/wp-content\/uploads\/2014\/06\/IMG_9756.jpg 2048w\" sizes=\"auto, (max-width: 300px) 100vw, 300px\" \/><\/p>\n","protected":false},"excerpt":{"rendered":"<p>Andrete in cielo ? Ecco un test rapido. \u00a0Avete gi\u00e0 mentito, rubato qualcosa o usato il nome di Dio invano? Gesu\u2019 ha detto:\u201d Che chiunque guarda una donna per desiderarla, ha gi\u00e0 commesso adulterio con lei nel suo cuore\u201d. Avete gi\u00e0 guardato qualcuno con concupiscenza per desiderarlo (la)? . Sarete colpevoli nel giorno del Giudizio? [&hellip;]<\/p>\n","protected":false},"author":1,"featured_media":0,"parent":0,"menu_order":0,"comment_status":"open","ping_status":"closed","template":"","meta":{"footnotes":""},"class_list":["post-990","page","type-page","status-publish","hentry"],"_links":{"self":[{"href":"https:\/\/dikayo.com\/it\/wp-json\/wp\/v2\/pages\/990","targetHints":{"allow":["GET"]}}],"collection":[{"href":"https:\/\/dikayo.com\/it\/wp-json\/wp\/v2\/pages"}],"about":[{"href":"https:\/\/dikayo.com\/it\/wp-json\/wp\/v2\/types\/page"}],"author":[{"embeddable":true,"href":"https:\/\/dikayo.com\/it\/wp-json\/wp\/v2\/users\/1"}],"replies":[{"embeddable":true,"href":"https:\/\/dikayo.com\/it\/wp-json\/wp\/v2\/comments?post=990"}],"version-history":[{"count":5,"href":"https:\/\/dikayo.com\/it\/wp-json\/wp\/v2\/pages\/990\/revisions"}],"predecessor-version":[{"id":1567,"href":"https:\/\/dikayo.com\/it\/wp-json\/wp\/v2\/pages\/990\/revisions\/1567"}],"wp:attachment":[{"href":"https:\/\/dikayo.com\/it\/wp-json\/wp\/v2\/media?parent=990"}],"curies":[{"name":"wp","href":"https:\/\/api.w.org\/{rel}","templated":true}]}}